{"id":557,"date":"2024-04-30T17:10:04","date_gmt":"2024-04-30T15:10:04","guid":{"rendered":"http:\/\/vcowhoy.cluster023.hosting.ovh.net\/wordpress\/?page_id=557"},"modified":"2025-09-29T11:04:05","modified_gmt":"2025-09-29T09:04:05","slug":"mention-legales","status":"publish","type":"page","link":"https:\/\/www.hotel-restaurant-pyrenees.fr\/en\/mention-legales\/","title":{"rendered":"Legal mention"},"content":{"rendered":"<div data-elementor-type=\"wp-page\" data-elementor-id=\"557\" class=\"elementor elementor-557\" data-elementor-post-type=\"page\">\n\t\t\t\t<div class=\"elementor-element elementor-element-1190c33 e-flex e-con-boxed e-con e-parent\" data-id=\"1190c33\" data-element_type=\"container\" data-settings=\"{&quot;background_background&quot;:&quot;classic&quot;,&quot;jet_parallax_layout_list&quot;:[]}\">\n\t\t\t\t\t<div class=\"e-con-inner\">\n\t\t\t\t<div class=\"elementor-element elementor-element-e575bfc elementor-widget elementor-widget-heading\" data-id=\"e575bfc\" data-element_type=\"widget\" data-widget_type=\"heading.default\">\n\t\t\t\t<div class=\"elementor-widget-container\">\n\t\t\t\t\t<h1 class=\"elementor-heading-title elementor-size-default\">Legal mention<\/h1>\t\t\t\t<\/div>\n\t\t\t\t<\/div>\n\t\t<div class=\"elementor-element elementor-element-33fd978 elementor-hidden-tablet elementor-hidden-mobile e-flex e-con-boxed e-con e-child\" data-id=\"33fd978\" data-element_type=\"container\" data-settings=\"{&quot;jet_parallax_layout_list&quot;:[]}\">\n\t\t\t\t\t<div class=\"e-con-inner\">\n\t\t\t\t<div class=\"elementor-element elementor-element-0bc9c3b elementor-widget elementor-widget-jet-breadcrumbs\" data-id=\"0bc9c3b\" data-element_type=\"widget\" data-widget_type=\"jet-breadcrumbs.default\">\n\t\t\t\t<div class=\"elementor-widget-container\">\n\t\t\t\t\t<div class=\"elementor-jet-breadcrumbs jet-blocks\">\n\t\t<div class=\"jet-breadcrumbs\">\n\t\t<div class=\"jet-breadcrumbs__content\">\n\t\t<div class=\"jet-breadcrumbs__wrap\"><div class=\"jet-breadcrumbs__item\"><a href=\"https:\/\/www.hotel-restaurant-pyrenees.fr\/en\/\" class=\"jet-breadcrumbs__item-link is-home\" rel=\"home\" title=\"Hotel Les Pyrenees\">Hotel Les Pyrenees<\/a><\/div>\n\t\t<\/div>\n\t\t<\/div>\n\t\t<\/div><\/div>\t\t\t\t<\/div>\n\t\t\t\t<\/div>\n\t\t\t\t\t<\/div>\n\t\t\t\t<\/div>\n\t\t\t\t\t<\/div>\n\t\t\t\t<\/div>\n\t\t<div class=\"elementor-element elementor-element-c8b81f3 e-flex e-con-boxed e-con e-parent\" data-id=\"c8b81f3\" data-element_type=\"container\" data-settings=\"{&quot;jet_parallax_layout_list&quot;:[],&quot;background_background&quot;:&quot;classic&quot;}\">\n\t\t\t\t\t<div class=\"e-con-inner\">\n\t\t<div class=\"elementor-element elementor-element-6af5c47 e-con-full e-flex e-con e-child\" data-id=\"6af5c47\" data-element_type=\"container\" data-settings=\"{&quot;jet_parallax_layout_list&quot;:[]}\">\n\t\t\t\t<div class=\"elementor-element elementor-element-786f300 elementor-widget elementor-widget-heading\" data-id=\"786f300\" data-element_type=\"widget\" data-widget_type=\"heading.default\">\n\t\t\t\t<div class=\"elementor-widget-container\">\n\t\t\t\t\t<h2 class=\"elementor-heading-title elementor-size-default\">Editor<\/h2>\t\t\t\t<\/div>\n\t\t\t\t<\/div>\n\t\t\t\t<div class=\"elementor-element elementor-element-972f610 elementor-widget elementor-widget-text-editor\" data-id=\"972f610\" data-element_type=\"widget\" data-widget_type=\"text-editor.default\">\n\t\t\t\t<div class=\"elementor-widget-container\">\n\t\t\t\t\t\t\t\t\t<p>The website https:\/\/www.hotel-restaurant-pyrenees.fr is published by Les Pyr\u00e9n\u00e9es, a limited liability company with capital of 100,000 euros, registered in the Mont-de-Marsan Trade and Companies Register under the number 839,878,675.<\/p><ul><li>Head office: 20 AV DU 34E REGIMENT INFANTERIE 40000 MONT-DE-MARSAN<\/li><li>Telephone: 05 58 46 49 49<\/li><li>Email address: contact@hotel-restaurant-pyrenees.fr<\/li><li>The publication director is: Giraud Marc<\/li><\/ul>\t\t\t\t\t\t\t\t<\/div>\n\t\t\t\t<\/div>\n\t\t\t\t<\/div>\n\t\t<div class=\"elementor-element elementor-element-25a40b2 e-con-full e-flex e-con e-child\" data-id=\"25a40b2\" data-element_type=\"container\" data-settings=\"{&quot;jet_parallax_layout_list&quot;:[]}\">\n\t\t\t\t<div class=\"elementor-element elementor-element-b0ae4bd elementor-widget elementor-widget-heading\" data-id=\"b0ae4bd\" data-element_type=\"widget\" data-widget_type=\"heading.default\">\n\t\t\t\t<div class=\"elementor-widget-container\">\n\t\t\t\t\t<h2 class=\"elementor-heading-title elementor-size-default\">Host<\/h2>\t\t\t\t<\/div>\n\t\t\t\t<\/div>\n\t\t\t\t<div class=\"elementor-element elementor-element-a0b3306 elementor-widget elementor-widget-text-editor\" data-id=\"a0b3306\" data-element_type=\"widget\" data-widget_type=\"text-editor.default\">\n\t\t\t\t<div class=\"elementor-widget-container\">\n\t\t\t\t\t\t\t\t\t<p>The website is hosted by OVH, a simplified joint stock company with capital of 10,174,560 euros, registered in the Lille Trade and Companies Register under number 424 761 419.<\/p><ul><li>Head office: 2 rue Kellermann \u2013 59100 \u2013 ROUBAIX<\/li><li>Telephone: 1007<\/li><\/ul>\t\t\t\t\t\t\t\t<\/div>\n\t\t\t\t<\/div>\n\t\t\t\t<\/div>\n\t\t<div class=\"elementor-element elementor-element-139be53 e-con-full e-flex e-con e-child\" data-id=\"139be53\" data-element_type=\"container\" data-settings=\"{&quot;jet_parallax_layout_list&quot;:[]}\">\n\t\t\t\t<div class=\"elementor-element elementor-element-3bd7040 elementor-widget elementor-widget-heading\" data-id=\"3bd7040\" data-element_type=\"widget\" data-widget_type=\"heading.default\">\n\t\t\t\t<div class=\"elementor-widget-container\">\n\t\t\t\t\t<h2 class=\"elementor-heading-title elementor-size-default\">Developer<\/h2>\t\t\t\t<\/div>\n\t\t\t\t<\/div>\n\t\t\t\t<div class=\"elementor-element elementor-element-d44abff elementor-widget elementor-widget-text-editor\" data-id=\"d44abff\" data-element_type=\"widget\" data-widget_type=\"text-editor.default\">\n\t\t\t\t<div class=\"elementor-widget-container\">\n\t\t\t\t\t\t\t\t\t<p>The website was developed by H-TIC, a limited liability company with capital of 1000 euros, registered in the Pau Trade and Companies Register under number 804 589 224.<\/p><ul><li>Head office: 234 Route d\u2019Urdes \u2013 64370 \u2013 Castillon d\u2019Arthez<\/li><li>Telephone: 09 71 11 89 48<\/li><\/ul><p>The website https:\/\/www.hotel-restaurant-pyrenees.fr is subject to French law.<br \/>The user acknowledges having read these legal notices and undertakes to respect them.<\/p>\t\t\t\t\t\t\t\t<\/div>\n\t\t\t\t<\/div>\n\t\t\t\t<\/div>\n\t\t<div class=\"elementor-element elementor-element-7c4abfc e-con-full e-flex e-con e-child\" data-id=\"7c4abfc\" data-element_type=\"container\" data-settings=\"{&quot;jet_parallax_layout_list&quot;:[]}\">\n\t\t\t\t<div class=\"elementor-element elementor-element-78d2b69 elementor-widget elementor-widget-heading\" data-id=\"78d2b69\" data-element_type=\"widget\" data-widget_type=\"heading.default\">\n\t\t\t\t<div class=\"elementor-widget-container\">\n\t\t\t\t\t<h2 class=\"elementor-heading-title elementor-size-default\">Intellectual property<\/h2>\t\t\t\t<\/div>\n\t\t\t\t<\/div>\n\t\t\t\t<div class=\"elementor-element elementor-element-3fff827 elementor-widget elementor-widget-text-editor\" data-id=\"3fff827\" data-element_type=\"widget\" data-widget_type=\"text-editor.default\">\n\t\t\t\t<div class=\"elementor-widget-container\">\n\t\t\t\t\t\t\t\t\t<p>The content of the website https:\/\/www.hotel-restaurant-pyrenees.fr (texts, images, videos, etc.) is the property of (client company) or its partners and is protected by French and international laws relating to to intellectual property.<\/p><p>Any reproduction, representation, modification, publication, adaptation of all or part of the elements of the website, whatever the means or process used, is prohibited without prior written permission from the Les Pyr\u00e9n\u00e9es hotel.<\/p><p>The website https:\/\/www.hotel-restaurant-pyrenees.fr may contain hypertext links to other websites. The Les Pyr\u00e9n\u00e9es hotel has no means of controlling these sites and cannot be responsible for their content.<br \/>In the event of a dispute, an amicable solution will be sought before any legal action. Failing this, the French courts will have sole jurisdiction to resolve the dispute.<\/p><p><strong>Photo credits:<\/strong> Hotel les Pyr\u00e9n\u00e9es \u2013 Adobe Stock \u2013 Freepik \u2013 Canva<\/p>\t\t\t\t\t\t\t\t<\/div>\n\t\t\t\t<\/div>\n\t\t\t\t<\/div>\n\t\t<div class=\"elementor-element elementor-element-38cc314 e-con-full e-flex e-con e-child\" data-id=\"38cc314\" data-element_type=\"container\" data-settings=\"{&quot;jet_parallax_layout_list&quot;:[]}\">\n\t\t\t\t<div class=\"elementor-element elementor-element-85b45c3 elementor-widget elementor-widget-heading\" data-id=\"85b45c3\" data-element_type=\"widget\" data-widget_type=\"heading.default\">\n\t\t\t\t<div class=\"elementor-widget-container\">\n\t\t\t\t\t<h2 class=\"elementor-heading-title elementor-size-default\">Cookie policy<\/h2>\t\t\t\t<\/div>\n\t\t\t\t<\/div>\n\t\t\t\t<div class=\"elementor-element elementor-element-4d0cdfe elementor-widget elementor-widget-text-editor\" data-id=\"4d0cdfe\" data-element_type=\"widget\" data-widget_type=\"text-editor.default\">\n\t\t\t\t<div class=\"elementor-widget-container\">\n\t\t\t\t\t\t\t\t\t<p>The website https:\/\/www.hotel-restaurant-pyrenees.fr uses cookies to improve the user experience and performance of the site. Cookies are small text files that are placed on your computer or mobile device when you visit our website. We use session cookies, which expire when you close your browser, and persistent cookies, which remain on your computer or mobile device until they expire or you delete them. The cookies we use do not collect personally identifiable information.<\/p><p>By using our website, you consent to the use of cookies in accordance with our cookie policy. If you do not want cookies to be used, you can change your browser settings to disable cookies. Please note that this may affect the functioning of certain parts of the website.<\/p>\t\t\t\t\t\t\t\t<\/div>\n\t\t\t\t<\/div>\n\t\t\t\t<\/div>\n\t\t\t\t\t<\/div>\n\t\t\t\t<\/div>\n\t\t\t\t<\/div>","protected":false},"excerpt":{"rendered":"<p>H\u00f4tel Les Pyr\u00e9n\u00e9es Editor The website https:\/\/www.hotel-restaurant-pyrenees.fr is published by Les Pyr\u00e9n\u00e9es, a limited liability company with capital of [\u2026]<\/p>","protected":false},"author":1,"featured_media":0,"parent":0,"menu_order":0,"comment_status":"closed","ping_status":"closed","template":"","meta":{"_seopress_robots_primary_cat":"","_seopress_titles_title":"","_seopress_titles_desc":"","_seopress_robots_index":"","site-sidebar-layout":"no-sidebar","site-content-layout":"","ast-site-content-layout":"full-width-container","site-content-style":"default","site-sidebar-style":"default","ast-global-header-display":"","ast-banner-title-visibility":"","ast-main-header-display":"","ast-hfb-above-header-display":"","ast-hfb-below-header-display":"","ast-hfb-mobile-header-display":"","site-post-title":"disabled","ast-breadcrumbs-content":"","ast-featured-img":"disabled","footer-sml-layout":"","theme-transparent-header-meta":"","adv-header-id-meta":"","stick-header-meta":"","header-above-stick-meta":"","header-main-stick-meta":"","header-below-stick-meta":"","astra-migrate-meta-layouts":"default","ast-page-background-enabled":"default","ast-page-background-meta":{"desktop":{"background-color":"var(--ast-global-color-4)","background-image":"","background-repeat":"repeat","background-position":"center center","background-size":"auto","background-attachment":"scroll","background-type":"","background-media":"","overlay-type":"","overlay-color":"","overlay-gradient":""},"tablet":{"background-color":"","background-image":"","background-repeat":"repeat","background-position":"center center","background-size":"auto","background-attachment":"scroll","background-type":"","background-media":"","overlay-type":"","overlay-color":"","overlay-gradient":""},"mobile":{"background-color":"","background-image":"","background-repeat":"repeat","background-position":"center center","background-size":"auto","background-attachment":"scroll","background-type":"","background-media":"","overlay-type":"","overlay-color":"","overlay-gradient":""}},"ast-content-background-meta":{"desktop":{"background-color":"var(--ast-global-color-5)","background-image":"","background-repeat":"repeat","background-position":"center center","background-size":"auto","background-attachment":"scroll","background-type":"","background-media":"","overlay-type":"","overlay-color":"","overlay-gradient":""},"tablet":{"background-color":"var(--ast-global-color-5)","background-image":"","background-repeat":"repeat","background-position":"center center","background-size":"auto","background-attachment":"scroll","background-type":"","background-media":"","overlay-type":"","overlay-color":"","overlay-gradient":""},"mobile":{"background-color":"var(--ast-global-color-5)","background-image":"","background-repeat":"repeat","background-position":"center center","background-size":"auto","background-attachment":"scroll","background-type":"","background-media":"","overlay-type":"","overlay-color":"","overlay-gradient":""}},"footnotes":""},"class_list":["post-557","page","type-page","status-publish","hentry"],"_links":{"self":[{"href":"https:\/\/www.hotel-restaurant-pyrenees.fr\/en\/wp-json\/wp\/v2\/pages\/557","targetHints":{"allow":["GET"]}}],"collection":[{"href":"https:\/\/www.hotel-restaurant-pyrenees.fr\/en\/wp-json\/wp\/v2\/pages"}],"about":[{"href":"https:\/\/www.hotel-restaurant-pyrenees.fr\/en\/wp-json\/wp\/v2\/types\/page"}],"author":[{"embeddable":true,"href":"https:\/\/www.hotel-restaurant-pyrenees.fr\/en\/wp-json\/wp\/v2\/users\/1"}],"replies":[{"embeddable":true,"href":"https:\/\/www.hotel-restaurant-pyrenees.fr\/en\/wp-json\/wp\/v2\/comments?post=557"}],"version-history":[{"count":6,"href":"https:\/\/www.hotel-restaurant-pyrenees.fr\/en\/wp-json\/wp\/v2\/pages\/557\/revisions"}],"predecessor-version":[{"id":2066,"href":"https:\/\/www.hotel-restaurant-pyrenees.fr\/en\/wp-json\/wp\/v2\/pages\/557\/revisions\/2066"}],"wp:attachment":[{"href":"https:\/\/www.hotel-restaurant-pyrenees.fr\/en\/wp-json\/wp\/v2\/media?parent=557"}],"curies":[{"name":"wp","href":"https:\/\/api.w.org\/{rel}","templated":true}]}}