{"id":540,"date":"2024-04-30T17:00:00","date_gmt":"2024-04-30T15:00:00","guid":{"rendered":"http:\/\/vcowhoy.cluster023.hosting.ovh.net\/wordpress\/?page_id=540"},"modified":"2024-06-06T18:32:05","modified_gmt":"2024-06-06T16:32:05","slug":"contact","status":"publish","type":"page","link":"https:\/\/www.hotel-restaurant-pyrenees.fr\/en\/contact\/","title":{"rendered":"Contact"},"content":{"rendered":"<div data-elementor-type=\"wp-page\" data-elementor-id=\"540\" class=\"elementor elementor-540\" data-elementor-post-type=\"page\">\n\t\t\t\t<div class=\"elementor-element elementor-element-8265158 e-flex e-con-boxed e-con e-parent\" data-id=\"8265158\" data-element_type=\"container\" data-settings=\"{&quot;background_background&quot;:&quot;classic&quot;,&quot;jet_parallax_layout_list&quot;:[]}\">\n\t\t\t\t\t<div class=\"e-con-inner\">\n\t\t\t\t<div class=\"elementor-element elementor-element-2b9ac15 elementor-widget elementor-widget-heading\" data-id=\"2b9ac15\" data-element_type=\"widget\" data-widget_type=\"heading.default\">\n\t\t\t\t<div class=\"elementor-widget-container\">\n\t\t\t\t\t<h1 class=\"elementor-heading-title elementor-size-default\">Contact<\/h1>\t\t\t\t<\/div>\n\t\t\t\t<\/div>\n\t\t<div class=\"elementor-element elementor-element-664c819 elementor-hidden-tablet elementor-hidden-mobile e-flex e-con-boxed e-con e-child\" data-id=\"664c819\" data-element_type=\"container\" data-settings=\"{&quot;jet_parallax_layout_list&quot;:[]}\">\n\t\t\t\t\t<div class=\"e-con-inner\">\n\t\t\t\t<div class=\"elementor-element elementor-element-e80a0d4 elementor-widget elementor-widget-jet-breadcrumbs\" data-id=\"e80a0d4\" data-element_type=\"widget\" data-widget_type=\"jet-breadcrumbs.default\">\n\t\t\t\t<div class=\"elementor-widget-container\">\n\t\t\t\t\t<div class=\"elementor-jet-breadcrumbs jet-blocks\">\n\t\t<div class=\"jet-breadcrumbs\">\n\t\t<div class=\"jet-breadcrumbs__content\">\n\t\t<div class=\"jet-breadcrumbs__wrap\"><div class=\"jet-breadcrumbs__item\"><a href=\"https:\/\/www.hotel-restaurant-pyrenees.fr\/en\/\" class=\"jet-breadcrumbs__item-link is-home\" rel=\"home\" title=\"Hotel Les Pyrenees\">Hotel Les Pyrenees<\/a><\/div>\n\t\t<\/div>\n\t\t<\/div>\n\t\t<\/div><\/div>\t\t\t\t<\/div>\n\t\t\t\t<\/div>\n\t\t\t\t\t<\/div>\n\t\t\t\t<\/div>\n\t\t\t\t\t<\/div>\n\t\t\t\t<\/div>\n\t\t<div class=\"elementor-element elementor-element-5a864fb e-flex e-con-boxed e-con e-parent\" data-id=\"5a864fb\" data-element_type=\"container\" data-settings=\"{&quot;jet_parallax_layout_list&quot;:[],&quot;background_background&quot;:&quot;classic&quot;}\">\n\t\t\t\t\t<div class=\"e-con-inner\">\n\t\t<div class=\"elementor-element elementor-element-4f0680f e-con-full e-flex e-con e-child\" data-id=\"4f0680f\" data-element_type=\"container\" data-settings=\"{&quot;jet_parallax_layout_list&quot;:[]}\">\n\t\t<div class=\"elementor-element elementor-element-a1b068b e-flex e-con-boxed e-con e-child\" data-id=\"a1b068b\" data-element_type=\"container\" data-settings=\"{&quot;background_background&quot;:&quot;classic&quot;,&quot;jet_parallax_layout_list&quot;:[],&quot;sticky&quot;:&quot;top&quot;,&quot;sticky_offset&quot;:100,&quot;sticky_parent&quot;:&quot;yes&quot;,&quot;sticky_on&quot;:[&quot;desktop&quot;,&quot;laptop&quot;,&quot;tablet&quot;,&quot;mobile&quot;],&quot;sticky_effects_offset&quot;:0,&quot;sticky_anchor_link_offset&quot;:0}\">\n\t\t\t\t\t<div class=\"e-con-inner\">\n\t\t\t\t<div class=\"elementor-element elementor-element-fde31ab elementor-button-align-stretch elementor-widget elementor-widget-form\" data-id=\"fde31ab\" data-element_type=\"widget\" data-settings=\"{&quot;step_next_label&quot;:&quot;Suivant&quot;,&quot;step_previous_label&quot;:&quot;Pr\\u00e9c\\u00e9dent&quot;,&quot;button_width&quot;:&quot;100&quot;,&quot;step_type&quot;:&quot;number_text&quot;,&quot;step_icon_shape&quot;:&quot;circle&quot;}\" data-widget_type=\"form.default\">\n\t\t\t\t<div class=\"elementor-widget-container\">\n\t\t\t\t\t\t\t<form class=\"elementor-form\" method=\"post\" name=\"Nouveau formulaire\" action=\"\">\n\t\t\t<input type=\"hidden\" name=\"post_id\" value=\"540\"\/>\n\t\t\t<input type=\"hidden\" name=\"form_id\" value=\"fde31ab\"\/>\n\t\t\t<input type=\"hidden\" name=\"referer_title\" value=\"\" \/>\n\n\t\t\t\n\t\t\t<div class=\"elementor-form-fields-wrapper elementor-labels-above\">\n\t\t\t\t\t\t\t\t<div class=\"elementor-field-type-text elementor-field-group elementor-column elementor-field-group-name elementor-col-100\">\n\t\t\t\t\t\t\t\t\t\t\t\t<label for=\"form-field-name\" class=\"elementor-field-label\">\n\t\t\t\t\t\t\t\tName\t\t\t\t\t\t\t<\/label>\n\t\t\t\t\t\t\t\t\t\t\t\t\t\t<input size=\"1\" type=\"text\" name=\"form_fields[name]\" id=\"form-field-name\" class=\"elementor-field elementor-size-sm  elementor-field-textual\" placeholder=\"Name\">\n\t\t\t\t\t\t\t\t\t\t\t<\/div>\n\t\t\t\t\t\t\t\t<div class=\"elementor-field-type-email elementor-field-group elementor-column elementor-field-group-email elementor-col-100 elementor-field-required elementor-mark-required\">\n\t\t\t\t\t\t\t\t\t\t\t\t<label for=\"form-field-email\" class=\"elementor-field-label\">\n\t\t\t\t\t\t\t\tE-mail\t\t\t\t\t\t\t<\/label>\n\t\t\t\t\t\t\t\t\t\t\t\t\t\t<input size=\"1\" type=\"email\" name=\"form_fields[email]\" id=\"form-field-email\" class=\"elementor-field elementor-size-sm  elementor-field-textual\" placeholder=\"E-mail\" required=\"required\">\n\t\t\t\t\t\t\t\t\t\t\t<\/div>\n\t\t\t\t\t\t\t\t<div class=\"elementor-field-type-select elementor-field-group elementor-column elementor-field-group-field_21c3194 elementor-col-100 elementor-field-required elementor-mark-required\">\n\t\t\t\t\t\t\t\t\t\t\t\t<label for=\"form-field-field_21c3194\" class=\"elementor-field-label\">\n\t\t\t\t\t\t\t\tSubject\t\t\t\t\t\t\t<\/label>\n\t\t\t\t\t\t\t\t<div class=\"elementor-field elementor-select-wrapper remove-before\">\n\t\t\t<div class=\"select-caret-down-wrapper\">\n\t\t\t\t<svg aria-hidden=\"true\" class=\"e-font-icon-svg e-eicon-caret-down\" viewbox=\"0 0 571.4 571.4\" xmlns=\"http:\/\/www.w3.org\/2000\/svg\"><path d=\"M571 393Q571 407 561 418L311 668Q300 679 286 679T261 668L11 418Q0 407 0 393T11 368 36 357H536Q550 357 561 368T571 393Z\"><\/path><\/svg>\t\t\t<\/div>\n\t\t\t<select name=\"form_fields[field_21c3194]\" id=\"form-field-field_21c3194\" class=\"elementor-field-textual elementor-size-sm\" required=\"required\">\n\t\t\t\t\t\t\t\t\t<option value=\"Sujet\">Subject<\/option>\n\t\t\t\t\t\t\t\t\t<option value=\"Repas de groupe\">Group meals<\/option>\n\t\t\t\t\t\t\t\t\t<option value=\"Chambres \u00e0 r\u00e9server\">Rooms to book<\/option>\n\t\t\t\t\t\t\t\t\t<option value=\"Traiteur\">Catering<\/option>\n\t\t\t\t\t\t\t\t\t<option value=\"S\u00e9minaire\">Seminar<\/option>\n\t\t\t\t\t\t\t\t\t<option value=\"Autre demande\">Other request<\/option>\n\t\t\t\t\t\t\t<\/select>\n\t\t<\/div>\n\t\t\t\t\t\t<\/div>\n\t\t\t\t\t\t\t\t<div class=\"elementor-field-type-textarea elementor-field-group elementor-column elementor-field-group-message elementor-col-100 elementor-field-required elementor-mark-required\">\n\t\t\t\t\t\t\t\t\t\t\t\t<label for=\"form-field-message\" class=\"elementor-field-label\">\n\t\t\t\t\t\t\t\tMessage\t\t\t\t\t\t\t<\/label>\n\t\t\t\t\t\t<textarea class=\"elementor-field-textual elementor-field  elementor-size-sm\" name=\"form_fields[message]\" id=\"form-field-message\" rows=\"4\" placeholder=\"Message\" required=\"required\"><\/textarea>\t\t\t\t<\/div>\n\t\t\t\t\t\t\t\t<div class=\"elementor-field-type-recaptcha elementor-field-group elementor-column elementor-field-group-field_31e552b elementor-col-100\">\n\t\t\t\t\t<div class=\"elementor-field\" id=\"form-field-field_31e552b\"><div class=\"elementor-g-recaptcha\" data-sitekey=\"6LddrPIpAAAAAI7stwUL8h1VBqW3V1cJb_SPY2iX\" data-type=\"v2_checkbox\" data-theme=\"light\" data-size=\"normal\"><\/div><\/div>\t\t\t\t<\/div>\n\t\t\t\t\t\t\t\t<div class=\"elementor-field-group elementor-column elementor-field-type-submit elementor-col-100 e-form__buttons\">\n\t\t\t\t\t<button class=\"elementor-button elementor-size-sm\" type=\"submit\">\n\t\t\t\t\t\t<span class=\"elementor-button-content-wrapper\">\n\t\t\t\t\t\t\t\t\t\t\t\t\t\t\t\t\t\t\t\t\t\t<span class=\"elementor-button-text\">Send<\/span>\n\t\t\t\t\t\t\t\t\t\t\t\t\t<\/span>\n\t\t\t\t\t<\/button>\n\t\t\t\t<\/div>\n\t\t\t<\/div>\n\t\t<input type=\"hidden\" name=\"trp-form-language\" value=\"en\"\/><\/form>\n\t\t\t\t\t\t<\/div>\n\t\t\t\t<\/div>\n\t\t\t\t\t<\/div>\n\t\t\t\t<\/div>\n\t\t\t\t<\/div>\n\t\t<div class=\"elementor-element elementor-element-de889f1 e-con-full e-flex e-con e-child\" data-id=\"de889f1\" data-element_type=\"container\" data-settings=\"{&quot;jet_parallax_layout_list&quot;:[]}\">\n\t\t\t\t<div class=\"elementor-element elementor-element-72293f6 elementor-widget elementor-widget-heading\" data-id=\"72293f6\" data-element_type=\"widget\" data-widget_type=\"heading.default\">\n\t\t\t\t<div class=\"elementor-widget-container\">\n\t\t\t\t\t<h2 class=\"elementor-heading-title elementor-size-default\">Request contact<\/h2>\t\t\t\t<\/div>\n\t\t\t\t<\/div>\n\t\t\t\t<div class=\"elementor-element elementor-element-302feb3 elementor-widget elementor-widget-text-editor\" data-id=\"302feb3\" data-element_type=\"widget\" data-widget_type=\"text-editor.default\">\n\t\t\t\t<div class=\"elementor-widget-container\">\n\t\t\t\t\t\t\t\t\t<p>We would be delighted to welcome you to our hotel in Mont de Marsan! Our reception remains at your disposal to answer all your questions and to provide you with information about our services.<\/p><p>Whether it is to reserve a room, rent a meeting room, reserve a table in our restaurant or any other request, we will respond to you as soon as possible.<\/p><p>Contact us by phone, by email or by directly filling out our contact form below!<\/p>\t\t\t\t\t\t\t\t<\/div>\n\t\t\t\t<\/div>\n\t\t\t\t<div class=\"elementor-element elementor-element-68e2dbf elementor-position-left elementor-mobile-position-left elementor-vertical-align-middle elementor-view-default elementor-vertical-align-top elementor-widget elementor-widget-icon-box\" data-id=\"68e2dbf\" data-element_type=\"widget\" data-widget_type=\"icon-box.default\">\n\t\t\t\t<div class=\"elementor-widget-container\">\n\t\t\t\t\t\t\t<div class=\"elementor-icon-box-wrapper\">\n\n\t\t\t\t\t\t<div class=\"elementor-icon-box-icon\">\n\t\t\t\t<span  class=\"elementor-icon\">\n\t\t\t\t<svg aria-hidden=\"true\" class=\"e-font-icon-svg e-fas-phone-alt\" viewbox=\"0 0 512 512\" xmlns=\"http:\/\/www.w3.org\/2000\/svg\"><path d=\"M497.39 361.8l-112-48a24 24 0 0 0-28 6.9l-49.6 60.6A370.66 370.66 0 0 1 130.6 204.11l60.6-49.6a23.94 23.94 0 0 0 6.9-28l-48-112A24.16 24.16 0 0 0 122.6.61l-104 24A24 24 0 0 0 0 48c0 256.5 207.9 464 464 464a24 24 0 0 0 23.4-18.6l24-104a24.29 24.29 0 0 0-14.01-27.6z\"><\/path><\/svg>\t\t\t\t<\/span>\n\t\t\t<\/div>\n\t\t\t\n\t\t\t\t\t\t<div class=\"elementor-icon-box-content\">\n\n\t\t\t\t\t\t\t\t\t<h3 class=\"elementor-icon-box-title\">\n\t\t\t\t\t\t<span  >\n\t\t\t\t\t\t\t05 58 46 49 49\t\t\t\t\t\t<\/span>\n\t\t\t\t\t<\/h3>\n\t\t\t\t\n\t\t\t\t\n\t\t\t<\/div>\n\t\t\t\n\t\t<\/div>\n\t\t\t\t\t\t<\/div>\n\t\t\t\t<\/div>\n\t\t\t\t<div class=\"elementor-element elementor-element-b505a7e elementor-position-left elementor-view-default elementor-mobile-position-top elementor-vertical-align-top elementor-widget elementor-widget-icon-box\" data-id=\"b505a7e\" data-element_type=\"widget\" data-widget_type=\"icon-box.default\">\n\t\t\t\t<div class=\"elementor-widget-container\">\n\t\t\t\t\t\t\t<div class=\"elementor-icon-box-wrapper\">\n\n\t\t\t\t\t\t<div class=\"elementor-icon-box-icon\">\n\t\t\t\t<span  class=\"elementor-icon\">\n\t\t\t\t<svg xmlns=\"http:\/\/www.w3.org\/2000\/svg\" xmlns:xlink=\"http:\/\/www.w3.org\/1999\/xlink\" width=\"512\" height=\"512\" x=\"0\" y=\"0\" viewbox=\"0 0 512 511\" style=\"enable-background:new 0 0 512 512\" xml:space=\"preserve\" class=\"\"><g><path d=\"M238.934 295.965H256c4.71 0 8.535-3.82 8.535-8.531a8.536 8.536 0 0 0-8.535-8.536h-17.066a8.534 8.534 0 1 0 0 17.067zM290.133 295.965h17.066a8.533 8.533 0 1 0 0-17.067h-17.066a8.533 8.533 0 0 0-8.531 8.536c0 4.71 3.82 8.53 8.53 8.53zM460.8 176.5a8.52 8.52 0 0 0 6.032-2.5l8.535-8.535c3.274-3.387 3.18-8.79-.21-12.067a8.537 8.537 0 0 0-11.856 0l-8.535 8.536c-3.332 3.332-3.329 8.734.004 12.066a8.52 8.52 0 0 0 6.03 2.5zM503.465 202.102h-17.067a8.532 8.532 0 0 0-8.53 8.53 8.533 8.533 0 0 0 8.53 8.536h17.067a8.534 8.534 0 1 0 0-17.066zM86.23 137.648a8.53 8.53 0 0 0 11.45 3.82 8.534 8.534 0 0 0 3.824-11.448l-8.535-17.067a8.534 8.534 0 0 0-11.45-3.824c-4.218 2.105-5.93 7.234-3.824 11.453zM414.32 141.512a8.528 8.528 0 0 0 11.446-3.817c.004 0 .004-.004.004-.004l8.535-17.066c2.105-4.219.394-9.348-3.825-11.453s-9.343-.395-11.449 3.824l-8.535 17.067c-2.11 4.214-.398 9.34 3.816 11.449zM45.168 174a8.534 8.534 0 0 0 12.066-12.066l-8.535-8.536a8.534 8.534 0 0 0-12.066 12.067zM8.535 219.168h17.067c4.71 0 8.53-3.82 8.53-8.535 0-4.711-3.82-8.531-8.53-8.531H8.535a8.533 8.533 0 1 0 0 17.066zm0 0\" fill=\"#ae4d20\" opacity=\"1\" data-original=\"#000000\"><\/path><path d=\"M44.645 263.43a36.517 36.517 0 0 1-14.31 22.586 33.931 33.931 0 0 0-13.269 27.015v8.535c0 4.711 3.82 8.536 8.536 8.536h204.796v17.066H51.2a8.532 8.532 0 0 0-8.531 8.531v27.172a25.594 25.594 0 0 0-17.066 24.027v2.247a14.655 14.655 0 0 1-6.59 11.238A25.677 25.677 0 0 0 8.535 441.03v17.07c0 4.712 3.82 8.532 8.531 8.532h477.868c4.71 0 8.53-3.82 8.53-8.531v-17.07a25.697 25.697 0 0 0-10.476-20.657 14.626 14.626 0 0 1-6.59-11.23v-2.247a25.594 25.594 0 0 0-17.066-24.027V355.7c0-4.71-3.82-8.531-8.531-8.531H281.6v-17.066h204.797a8.536 8.536 0 0 0 8.536-8.536v-8.535a33.931 33.931 0 0 0-13.27-27.015 36.543 36.543 0 0 1-14.3-22.586c-10.829-64.993-68.618-135.137-143.098-135.137h-16.442a25.212 25.212 0 0 0 1.508-8.328c0-14.137-11.46-25.598-25.598-25.598h-17.066V84.98c23.086-4.714 37.984-27.25 33.27-50.34-4.711-23.085-27.25-37.984-50.336-33.269-23.09 4.711-37.985 27.25-33.274 50.336a42.671 42.671 0 0 0 33.274 33.273v9.387h-17.067c-14.14 0-25.601 11.461-25.601 25.598.03 2.844.543 5.66 1.511 8.332h-20.71c-74.481-.004-132.27 70.14-143.09 135.133zm424.687 143.468v2.247a31.215 31.215 0 0 0 13.57 24.992 8.463 8.463 0 0 1 3.496 6.894v8.535H25.602v-8.535a8.463 8.463 0 0 1 3.496-6.894 31.215 31.215 0 0 0 13.57-24.992v-2.247c0-4.71 3.82-8.53 8.531-8.53h409.602c4.71 0 8.531 3.82 8.531 8.53zm-17.066-42.664v17.067H59.734v-17.067zm-204.801-17.066v-17.066h17.07v17.066zm-14.93-304c0-14.14 11.461-25.602 25.598-25.602 14.14 0 25.601 11.461 25.601 25.602 0 14.137-11.46 25.598-25.601 25.598-14.137 0-25.598-11.461-25.598-25.598zm0 68.266h51.2c4.71 0 8.53 3.82 8.53 8.53a8.46 8.46 0 0 1-7.523 8.333h-53.215a8.46 8.46 0 0 1-7.527-8.332c0-4.711 3.82-8.531 8.535-8.531zm91.73 33.93c65.548 0 116.575 62.741 126.294 120.87a52.917 52.917 0 0 0 20.71 33.282 16.988 16.988 0 0 1 6.598 13.515H34.133a16.995 16.995 0 0 1 6.64-13.515c1.586-1.22 2.883-2.621 4.266-3.942.34.098.688.168 1.04.211l158.722.18c4.71 0 8.531-3.82 8.531-8.531a8.533 8.533 0 0 0-8.531-8.536l-147.387-.168a49.406 49.406 0 0 0 4.07-12.492c9.676-58.164 60.703-120.875 126.25-120.875zm0 0\" fill=\"#ae4d20\" opacity=\"1\" data-original=\"#000000\"><\/path><\/g><\/svg>\t\t\t\t<\/span>\n\t\t\t<\/div>\n\t\t\t\n\t\t\t\t\t\t<div class=\"elementor-icon-box-content\">\n\n\t\t\t\t\t\t\t\t\t<h3 class=\"elementor-icon-box-title\">\n\t\t\t\t\t\t<span  >\n\t\t\t\t\t\t\tHotel reception:<br>\t\t\t\t\t\t<\/span>\n\t\t\t\t\t<\/h3>\n\t\t\t\t\n\t\t\t\t\t\t\t\t\t<p class=\"elementor-icon-box-description\">\n\t\t\t\t\t\tMonday and Saturday:  <br>\nfrom 7:00 a.m. to 11:00 a.m. and from 3:00 p.m. to 10:00 p.m.<br><br>\nFrom Tuesday to Friday : <br>\nfrom 7:00 a.m. to 11:00 p.m.<br><br>\nSunday : <br>from 7:00 a.m. to 4:00 p.m.\u00a0\t\t\t\t\t<\/p>\n\t\t\t\t\n\t\t\t<\/div>\n\t\t\t\n\t\t<\/div>\n\t\t\t\t\t\t<\/div>\n\t\t\t\t<\/div>\n\t\t\t\t<\/div>\n\t\t\t\t\t<\/div>\n\t\t\t\t<\/div>\n\t\t<div class=\"elementor-element elementor-element-5a85dec e-flex e-con-boxed e-con e-parent\" data-id=\"5a85dec\" data-element_type=\"container\" data-settings=\"{&quot;jet_parallax_layout_list&quot;:[]}\">\n\t\t\t\t\t<div class=\"e-con-inner\">\n\t\t\t\t<div class=\"elementor-element elementor-element-26aa0c7 elementor-widget elementor-widget-google_maps\" data-id=\"26aa0c7\" data-element_type=\"widget\" data-widget_type=\"google_maps.default\">\n\t\t\t\t<div class=\"elementor-widget-container\">\n\t\t\t\t\t\t\t<div class=\"elementor-custom-embed\">\n\t\t\t<iframe loading=\"lazy\"\n\t\t\t\t\tsrc=\"https:\/\/maps.google.com\/maps?q=20%20avenue%20du%2034%C3%A8%20R%C3%A9giment%20Infanterie%2C%20MONT%20DE%20MARSAN%2040000&#038;t=m&#038;z=14&#038;output=embed&#038;iwloc=near\"\n\t\t\t\t\ttitle=\"20 avenue du 34\u00e8 R\u00e9giment Infanterie, MONT DE MARSAN 40000\"\n\t\t\t\t\taria-label=\"20 avenue du 34\u00e8 R\u00e9giment Infanterie, MONT DE MARSAN 40000\"\n\t\t\t><\/iframe>\n\t\t<\/div>\n\t\t\t\t\t\t<\/div>\n\t\t\t\t<\/div>\n\t\t\t\t\t<\/div>\n\t\t\t\t<\/div>\n\t\t\t\t<\/div>","protected":false},"excerpt":{"rendered":"<p>H\u00f4tel Les Pyr\u00e9n\u00e9es Contact request We would be delighted to welcome you to our hotel in Mont de [\u2026]<\/p>","protected":false},"author":1,"featured_media":0,"parent":0,"menu_order":0,"comment_status":"closed","ping_status":"closed","template":"","meta":{"_seopress_robots_primary_cat":"","_seopress_titles_title":"","_seopress_titles_desc":"","_seopress_robots_index":"","site-sidebar-layout":"no-sidebar","site-content-layout":"","ast-site-content-layout":"full-width-container","site-content-style":"default","site-sidebar-style":"default","ast-global-header-display":"","ast-banner-title-visibility":"","ast-main-header-display":"","ast-hfb-above-header-display":"","ast-hfb-below-header-display":"","ast-hfb-mobile-header-display":"","site-post-title":"disabled","ast-breadcrumbs-content":"","ast-featured-img":"disabled","footer-sml-layout":"","theme-transparent-header-meta":"","adv-header-id-meta":"","stick-header-meta":"","header-above-stick-meta":"","header-main-stick-meta":"","header-below-stick-meta":"","astra-migrate-meta-layouts":"default","ast-page-background-enabled":"default","ast-page-background-meta":{"desktop":{"background-color":"var(--ast-global-color-4)","background-image":"","background-repeat":"repeat","background-position":"center center","background-size":"auto","background-attachment":"scroll","background-type":"","background-media":"","overlay-type":"","overlay-color":"","overlay-gradient":""},"tablet":{"background-color":"","background-image":"","background-repeat":"repeat","background-position":"center center","background-size":"auto","background-attachment":"scroll","background-type":"","background-media":"","overlay-type":"","overlay-color":"","overlay-gradient":""},"mobile":{"background-color":"","background-image":"","background-repeat":"repeat","background-position":"center center","background-size":"auto","background-attachment":"scroll","background-type":"","background-media":"","overlay-type":"","overlay-color":"","overlay-gradient":""}},"ast-content-background-meta":{"desktop":{"background-color":"var(--ast-global-color-5)","background-image":"","background-repeat":"repeat","background-position":"center center","background-size":"auto","background-attachment":"scroll","background-type":"","background-media":"","overlay-type":"","overlay-color":"","overlay-gradient":""},"tablet":{"background-color":"var(--ast-global-color-5)","background-image":"","background-repeat":"repeat","background-position":"center center","background-size":"auto","background-attachment":"scroll","background-type":"","background-media":"","overlay-type":"","overlay-color":"","overlay-gradient":""},"mobile":{"background-color":"var(--ast-global-color-5)","background-image":"","background-repeat":"repeat","background-position":"center center","background-size":"auto","background-attachment":"scroll","background-type":"","background-media":"","overlay-type":"","overlay-color":"","overlay-gradient":""}},"footnotes":""},"class_list":["post-540","page","type-page","status-publish","hentry"],"_links":{"self":[{"href":"https:\/\/www.hotel-restaurant-pyrenees.fr\/en\/wp-json\/wp\/v2\/pages\/540","targetHints":{"allow":["GET"]}}],"collection":[{"href":"https:\/\/www.hotel-restaurant-pyrenees.fr\/en\/wp-json\/wp\/v2\/pages"}],"about":[{"href":"https:\/\/www.hotel-restaurant-pyrenees.fr\/en\/wp-json\/wp\/v2\/types\/page"}],"author":[{"embeddable":true,"href":"https:\/\/www.hotel-restaurant-pyrenees.fr\/en\/wp-json\/wp\/v2\/users\/1"}],"replies":[{"embeddable":true,"href":"https:\/\/www.hotel-restaurant-pyrenees.fr\/en\/wp-json\/wp\/v2\/comments?post=540"}],"version-history":[{"count":6,"href":"https:\/\/www.hotel-restaurant-pyrenees.fr\/en\/wp-json\/wp\/v2\/pages\/540\/revisions"}],"predecessor-version":[{"id":1975,"href":"https:\/\/www.hotel-restaurant-pyrenees.fr\/en\/wp-json\/wp\/v2\/pages\/540\/revisions\/1975"}],"wp:attachment":[{"href":"https:\/\/www.hotel-restaurant-pyrenees.fr\/en\/wp-json\/wp\/v2\/media?parent=540"}],"curies":[{"name":"wp","href":"https:\/\/api.w.org\/{rel}","templated":true}]}}