{"id":320,"date":"2024-04-26T09:30:13","date_gmt":"2024-04-26T07:30:13","guid":{"rendered":"http:\/\/vcowhoy.cluster023.hosting.ovh.net\/wordpress\/?page_id=320"},"modified":"2024-05-14T10:48:20","modified_gmt":"2024-05-14T08:48:20","slug":"traiteur-a-mont-de-marsan","status":"publish","type":"page","link":"https:\/\/www.hotel-restaurant-pyrenees.fr\/en\/traiteur-a-mont-de-marsan\/","title":{"rendered":"Caterer in Mont de Marsan"},"content":{"rendered":"<div data-elementor-type=\"wp-page\" data-elementor-id=\"320\" class=\"elementor elementor-320\" data-elementor-post-type=\"page\">\n\t\t\t\t<div class=\"elementor-element elementor-element-0aec797 e-flex e-con-boxed e-con e-parent\" data-id=\"0aec797\" data-element_type=\"container\" data-settings=\"{&quot;background_background&quot;:&quot;classic&quot;,&quot;jet_parallax_layout_list&quot;:[]}\">\n\t\t\t\t\t<div class=\"e-con-inner\">\n\t\t\t\t<div class=\"elementor-element elementor-element-421f529 elementor-widget elementor-widget-heading\" data-id=\"421f529\" data-element_type=\"widget\" data-widget_type=\"heading.default\">\n\t\t\t\t<div class=\"elementor-widget-container\">\n\t\t\t\t\t<h1 class=\"elementor-heading-title elementor-size-default\">Tailor-made catering service in Mont de Marsan<\/h1>\t\t\t\t<\/div>\n\t\t\t\t<\/div>\n\t\t<div class=\"elementor-element elementor-element-f865f73 elementor-hidden-tablet elementor-hidden-mobile e-flex e-con-boxed e-con e-child\" data-id=\"f865f73\" data-element_type=\"container\" data-settings=\"{&quot;jet_parallax_layout_list&quot;:[]}\">\n\t\t\t\t\t<div class=\"e-con-inner\">\n\t\t\t\t<div class=\"elementor-element elementor-element-57eaf23 elementor-widget elementor-widget-jet-breadcrumbs\" data-id=\"57eaf23\" data-element_type=\"widget\" data-widget_type=\"jet-breadcrumbs.default\">\n\t\t\t\t<div class=\"elementor-widget-container\">\n\t\t\t\t\t<div class=\"elementor-jet-breadcrumbs jet-blocks\">\n\t\t<div class=\"jet-breadcrumbs\">\n\t\t<div class=\"jet-breadcrumbs__content\">\n\t\t<div class=\"jet-breadcrumbs__wrap\"><div class=\"jet-breadcrumbs__item\"><a href=\"https:\/\/www.hotel-restaurant-pyrenees.fr\/en\/\" class=\"jet-breadcrumbs__item-link is-home\" rel=\"home\" title=\"Hotel Les Pyrenees\">Hotel Les Pyrenees<\/a><\/div>\n\t\t<\/div>\n\t\t<\/div>\n\t\t<\/div><\/div>\t\t\t\t<\/div>\n\t\t\t\t<\/div>\n\t\t\t\t\t<\/div>\n\t\t\t\t<\/div>\n\t\t\t\t\t<\/div>\n\t\t\t\t<\/div>\n\t\t<div class=\"elementor-element elementor-element-8c2bae2 e-flex e-con-boxed e-con e-parent\" data-id=\"8c2bae2\" data-element_type=\"container\" data-settings=\"{&quot;jet_parallax_layout_list&quot;:[],&quot;background_background&quot;:&quot;gradient&quot;}\">\n\t\t\t\t\t<div class=\"e-con-inner\">\n\t\t<div class=\"elementor-element elementor-element-6ba2a33 e-con-full e-flex e-con e-child\" data-id=\"6ba2a33\" data-element_type=\"container\" data-settings=\"{&quot;jet_parallax_layout_list&quot;:[]}\">\n\t\t\t\t<div class=\"elementor-element elementor-element-138219e elementor-widget elementor-widget-image\" data-id=\"138219e\" data-element_type=\"widget\" data-widget_type=\"image.default\">\n\t\t\t\t<div class=\"elementor-widget-container\">\n\t\t\t\t\t\t\t\t\t\t\t\t\t\t\t<img fetchpriority=\"high\" decoding=\"async\" width=\"900\" height=\"650\" src=\"https:\/\/www.hotel-restaurant-pyrenees.fr\/wp-content\/uploads\/2024\/05\/20-1.jpg\" class=\"attachment-large size-large wp-image-1150\" alt=\"\" srcset=\"https:\/\/www.hotel-restaurant-pyrenees.fr\/wp-content\/uploads\/2024\/05\/20-1.jpg 900w, https:\/\/www.hotel-restaurant-pyrenees.fr\/wp-content\/uploads\/2024\/05\/20-1-300x217.jpg 300w, https:\/\/www.hotel-restaurant-pyrenees.fr\/wp-content\/uploads\/2024\/05\/20-1-768x555.jpg 768w, https:\/\/www.hotel-restaurant-pyrenees.fr\/wp-content\/uploads\/2024\/05\/20-1-18x12.jpg 18w\" sizes=\"(max-width: 900px) 100vw, 900px\" \/>\t\t\t\t\t\t\t\t\t\t\t\t\t\t\t<\/div>\n\t\t\t\t<\/div>\n\t\t\t\t<\/div>\n\t\t<div class=\"elementor-element elementor-element-16108cd e-con-full e-flex e-con e-child\" data-id=\"16108cd\" data-element_type=\"container\" data-settings=\"{&quot;jet_parallax_layout_list&quot;:[]}\">\n\t\t\t\t<div class=\"elementor-element elementor-element-369c2de elementor-widget elementor-widget-text-editor\" data-id=\"369c2de\" data-element_type=\"widget\" data-widget_type=\"text-editor.default\">\n\t\t\t\t<div class=\"elementor-widget-container\">\n\t\t\t\t\t\t\t\t\t<p>For your private or professional events in the Mont de Marsan region and in the Landes, the restaurant Les Pyr\u00e9n\u00e9es offers you its tailor-made catering service, an unforgettable culinary experience adapted to your needs and desires.<\/p>\t\t\t\t\t\t\t\t<\/div>\n\t\t\t\t<\/div>\n\t\t\t\t<div class=\"elementor-element elementor-element-351aeb9 elementor-widget elementor-widget-heading\" data-id=\"351aeb9\" data-element_type=\"widget\" data-widget_type=\"heading.default\">\n\t\t\t\t<div class=\"elementor-widget-container\">\n\t\t\t\t\t<h2 class=\"elementor-heading-title elementor-size-default\">A caterer that adapts to your needs and desires<\/h2>\t\t\t\t<\/div>\n\t\t\t\t<\/div>\n\t\t\t\t<div class=\"elementor-element elementor-element-7d1d330 elementor-widget elementor-widget-text-editor\" data-id=\"7d1d330\" data-element_type=\"widget\" data-widget_type=\"text-editor.default\">\n\t\t\t\t<div class=\"elementor-widget-container\">\n\t\t\t\t\t\t\t\t\t<p>Whether for a wedding, a retirement, a birthday, a company meal, a cocktail dinner, a ma\u00efade or a business breakfast, our Aita catering service is there to enhance your event.<\/p><p>Our talented chef puts his know-how and expertise at your disposal to create personalized menus, made from the best seasonal products.<\/p><p>We adapt to your tastes and culinary preferences in order to offer you a unique and memorable gastronomic experience.<\/p>\t\t\t\t\t\t\t\t<\/div>\n\t\t\t\t<\/div>\n\t\t\t\t<\/div>\n\t\t\t\t\t<\/div>\n\t\t\t\t<\/div>\n\t\t<div class=\"elementor-element elementor-element-77e4baa e-flex e-con-boxed e-con e-parent\" data-id=\"77e4baa\" data-element_type=\"container\" data-settings=\"{&quot;jet_parallax_layout_list&quot;:[],&quot;background_background&quot;:&quot;classic&quot;}\">\n\t\t\t\t\t<div class=\"e-con-inner\">\n\t\t<div class=\"elementor-element elementor-element-7d53940 e-con-full e-flex e-con e-child\" data-id=\"7d53940\" data-element_type=\"container\" data-settings=\"{&quot;jet_parallax_layout_list&quot;:[]}\">\n\t\t\t\t<div class=\"elementor-element elementor-element-f26d71f elementor-widget elementor-widget-image\" data-id=\"f26d71f\" data-element_type=\"widget\" data-widget_type=\"image.default\">\n\t\t\t\t<div class=\"elementor-widget-container\">\n\t\t\t\t\t\t\t\t\t\t\t\t\t\t\t<img decoding=\"async\" width=\"900\" height=\"650\" src=\"https:\/\/www.hotel-restaurant-pyrenees.fr\/wp-content\/uploads\/2024\/05\/15-1.jpg\" class=\"attachment-large size-large wp-image-1145\" alt=\"\" srcset=\"https:\/\/www.hotel-restaurant-pyrenees.fr\/wp-content\/uploads\/2024\/05\/15-1.jpg 900w, https:\/\/www.hotel-restaurant-pyrenees.fr\/wp-content\/uploads\/2024\/05\/15-1-300x217.jpg 300w, https:\/\/www.hotel-restaurant-pyrenees.fr\/wp-content\/uploads\/2024\/05\/15-1-768x555.jpg 768w, https:\/\/www.hotel-restaurant-pyrenees.fr\/wp-content\/uploads\/2024\/05\/15-1-18x12.jpg 18w\" sizes=\"(max-width: 900px) 100vw, 900px\" \/>\t\t\t\t\t\t\t\t\t\t\t\t\t\t\t<\/div>\n\t\t\t\t<\/div>\n\t\t\t\t<\/div>\n\t\t<div class=\"elementor-element elementor-element-6f53b7c e-con-full e-flex e-con e-child\" data-id=\"6f53b7c\" data-element_type=\"container\" data-settings=\"{&quot;jet_parallax_layout_list&quot;:[]}\">\n\t\t\t\t<div class=\"elementor-element elementor-element-857c3e5 elementor-widget elementor-widget-text-editor\" data-id=\"857c3e5\" data-element_type=\"widget\" data-widget_type=\"text-editor.default\">\n\t\t\t\t<div class=\"elementor-widget-container\">\n\t\t\t\t\t\t\t\t\t<p>At Les Pyr\u00e9n\u00e9es restaurant, we believe that the success of your event is based on a relationship of trust. We work closely with you to understand your specific expectations and needs, in order to create a meal that reflects your personality and the essence of your event. Our dedicated team is at your disposal every step of the way, to ensure that every detail is perfectly orchestrated and that your event in Landes (40) is a total success.<\/p><p>Additionally, you have two options to choose from:<\/p>\t\t\t\t\t\t\t\t<\/div>\n\t\t\t\t<\/div>\n\t\t\t\t<div class=\"elementor-element elementor-element-ef36273 elementor-icon-list--layout-traditional elementor-list-item-link-full_width elementor-widget elementor-widget-icon-list\" data-id=\"ef36273\" data-element_type=\"widget\" data-widget_type=\"icon-list.default\">\n\t\t\t\t<div class=\"elementor-widget-container\">\n\t\t\t\t\t\t\t<ul class=\"elementor-icon-list-items\">\n\t\t\t\t\t\t\t<li class=\"elementor-icon-list-item\">\n\t\t\t\t\t\t\t\t\t\t\t<span class=\"elementor-icon-list-icon\">\n\t\t\t\t\t\t\t<svg aria-hidden=\"true\" class=\"e-font-icon-svg e-fas-check\" viewbox=\"0 0 512 512\" xmlns=\"http:\/\/www.w3.org\/2000\/svg\"><path d=\"M173.898 439.404l-166.4-166.4c-9.997-9.997-9.997-26.206 0-36.204l36.203-36.204c9.997-9.998 26.207-9.998 36.204 0L192 312.69 432.095 72.596c9.997-9.997 26.207-9.997 36.204 0l36.203 36.204c9.997 9.997 9.997 26.206 0 36.204l-294.4 294.401c-9.998 9.997-26.207 9.997-36.204-.001z\"><\/path><\/svg>\t\t\t\t\t\t<\/span>\n\t\t\t\t\t\t\t\t\t\t<span class=\"elementor-icon-list-text\">Drop-off service: preparation in our kitchen and delivery to the event location<\/span>\n\t\t\t\t\t\t\t\t\t<\/li>\n\t\t\t\t\t\t\t\t<li class=\"elementor-icon-list-item\">\n\t\t\t\t\t\t\t\t\t\t\t<span class=\"elementor-icon-list-icon\">\n\t\t\t\t\t\t\t<svg aria-hidden=\"true\" class=\"e-font-icon-svg e-fas-check\" viewbox=\"0 0 512 512\" xmlns=\"http:\/\/www.w3.org\/2000\/svg\"><path d=\"M173.898 439.404l-166.4-166.4c-9.997-9.997-9.997-26.206 0-36.204l36.203-36.204c9.997-9.998 26.207-9.998 36.204 0L192 312.69 432.095 72.596c9.997-9.997 26.207-9.997 36.204 0l36.203 36.204c9.997 9.997 9.997 26.206 0 36.204l-294.4 294.401c-9.998 9.997-26.207 9.997-36.204-.001z\"><\/path><\/svg>\t\t\t\t\t\t<\/span>\n\t\t\t\t\t\t\t\t\t\t<span class=\"elementor-icon-list-text\">On-site service: Meals prepared, served and cleared by our teams.<\/span>\n\t\t\t\t\t\t\t\t\t<\/li>\n\t\t\t\t\t\t<\/ul>\n\t\t\t\t\t\t<\/div>\n\t\t\t\t<\/div>\n\t\t\t\t<\/div>\n\t\t\t\t\t<\/div>\n\t\t\t\t<\/div>\n\t\t<div class=\"elementor-element elementor-element-60afc94 e-flex e-con-boxed e-con e-parent\" data-id=\"60afc94\" data-element_type=\"container\" data-settings=\"{&quot;jet_parallax_layout_list&quot;:[],&quot;background_background&quot;:&quot;gradient&quot;}\">\n\t\t\t\t\t<div class=\"e-con-inner\">\n\t\t<div class=\"elementor-element elementor-element-1cf197e e-con-full e-flex e-con e-child\" data-id=\"1cf197e\" data-element_type=\"container\" data-settings=\"{&quot;jet_parallax_layout_list&quot;:[]}\">\n\t\t\t\t<div class=\"elementor-element elementor-element-883fe3e elementor-widget elementor-widget-image\" data-id=\"883fe3e\" data-element_type=\"widget\" data-widget_type=\"image.default\">\n\t\t\t\t<div class=\"elementor-widget-container\">\n\t\t\t\t\t\t\t\t\t\t\t\t\t\t\t<img decoding=\"async\" width=\"900\" height=\"650\" src=\"https:\/\/www.hotel-restaurant-pyrenees.fr\/wp-content\/uploads\/2024\/05\/37.jpg\" class=\"attachment-large size-large wp-image-1120\" alt=\"\" srcset=\"https:\/\/www.hotel-restaurant-pyrenees.fr\/wp-content\/uploads\/2024\/05\/37.jpg 900w, https:\/\/www.hotel-restaurant-pyrenees.fr\/wp-content\/uploads\/2024\/05\/37-300x217.jpg 300w, https:\/\/www.hotel-restaurant-pyrenees.fr\/wp-content\/uploads\/2024\/05\/37-768x555.jpg 768w, https:\/\/www.hotel-restaurant-pyrenees.fr\/wp-content\/uploads\/2024\/05\/37-18x12.jpg 18w\" sizes=\"(max-width: 900px) 100vw, 900px\" \/>\t\t\t\t\t\t\t\t\t\t\t\t\t\t\t<\/div>\n\t\t\t\t<\/div>\n\t\t\t\t<\/div>\n\t\t<div class=\"elementor-element elementor-element-c3117ea e-con-full e-flex e-con e-child\" data-id=\"c3117ea\" data-element_type=\"container\" data-settings=\"{&quot;jet_parallax_layout_list&quot;:[]}\">\n\t\t\t\t<div class=\"elementor-element elementor-element-0d07ec8 elementor-widget elementor-widget-heading\" data-id=\"0d07ec8\" data-element_type=\"widget\" data-widget_type=\"heading.default\">\n\t\t\t\t<div class=\"elementor-widget-container\">\n\t\t\t\t\t<h2 class=\"elementor-heading-title elementor-size-default\">The catering service, what are the advantages?<\/h2>\t\t\t\t<\/div>\n\t\t\t\t<\/div>\n\t\t\t\t<div class=\"elementor-element elementor-element-cdeef0b elementor-widget elementor-widget-heading\" data-id=\"cdeef0b\" data-element_type=\"widget\" data-widget_type=\"heading.default\">\n\t\t\t\t<div class=\"elementor-widget-container\">\n\t\t\t\t\t<h3 class=\"elementor-heading-title elementor-size-default\">Professional culinary expertise<\/h3>\t\t\t\t<\/div>\n\t\t\t\t<\/div>\n\t\t\t\t<div class=\"elementor-element elementor-element-af74d6c elementor-widget elementor-widget-text-editor\" data-id=\"af74d6c\" data-element_type=\"widget\" data-widget_type=\"text-editor.default\">\n\t\t\t\t<div class=\"elementor-widget-container\">\n\t\t\t\t\t\t\t\t\t<p>By using a professional catering service like that offered by Les Pyr\u00e9n\u00e9es, you benefit from the culinary expertise of a qualified chef and his team. We have the experience and skills to prepare tasty and refined dishes, in accordance with your preferences and requirements.\u00a0<\/p>\t\t\t\t\t\t\t\t<\/div>\n\t\t\t\t<\/div>\n\t\t\t\t<div class=\"elementor-element elementor-element-10ab396 elementor-widget elementor-widget-heading\" data-id=\"10ab396\" data-element_type=\"widget\" data-widget_type=\"heading.default\">\n\t\t\t\t<div class=\"elementor-widget-container\">\n\t\t\t\t\t<h3 class=\"elementor-heading-title elementor-size-default\">Saving time and stress<\/h3>\t\t\t\t<\/div>\n\t\t\t\t<\/div>\n\t\t\t\t<div class=\"elementor-element elementor-element-7f5530e elementor-widget elementor-widget-text-editor\" data-id=\"7f5530e\" data-element_type=\"widget\" data-widget_type=\"text-editor.default\">\n\t\t\t\t<div class=\"elementor-widget-container\">\n\t\t\t\t\t\t\t\t\t<p>Organizing an event can be stressful and time-consuming. By entrusting the preparation of meals to a catering service, you save valuable time and can concentrate on other aspects of your event. Our team takes care of everything, from the selection of ingredients to the presentation of the dishes, so that you can fully enjoy your special day in the Landes.<\/p>\t\t\t\t\t\t\t\t<\/div>\n\t\t\t\t<\/div>\n\t\t\t\t<\/div>\n\t\t\t\t\t<\/div>\n\t\t\t\t<\/div>\n\t\t<div class=\"elementor-element elementor-element-2728d2c e-flex e-con-boxed e-con e-parent\" data-id=\"2728d2c\" data-element_type=\"container\" data-settings=\"{&quot;jet_parallax_layout_list&quot;:[],&quot;background_background&quot;:&quot;classic&quot;}\">\n\t\t\t\t\t<div class=\"e-con-inner\">\n\t\t<div class=\"elementor-element elementor-element-551ebb7 e-con-full e-flex e-con e-child\" data-id=\"551ebb7\" data-element_type=\"container\" data-settings=\"{&quot;jet_parallax_layout_list&quot;:[]}\">\n\t\t\t\t<div class=\"elementor-element elementor-element-84d52be elementor-widget elementor-widget-image\" data-id=\"84d52be\" data-element_type=\"widget\" data-widget_type=\"image.default\">\n\t\t\t\t<div class=\"elementor-widget-container\">\n\t\t\t\t\t\t\t\t\t\t\t\t\t\t\t<img loading=\"lazy\" decoding=\"async\" width=\"1024\" height=\"512\" src=\"https:\/\/www.hotel-restaurant-pyrenees.fr\/wp-content\/uploads\/2024\/05\/12-2-1024x512.jpg\" class=\"attachment-large size-large wp-image-1178\" alt=\"\" srcset=\"https:\/\/www.hotel-restaurant-pyrenees.fr\/wp-content\/uploads\/2024\/05\/12-2-1024x512.jpg 1024w, https:\/\/www.hotel-restaurant-pyrenees.fr\/wp-content\/uploads\/2024\/05\/12-2-300x150.jpg 300w, https:\/\/www.hotel-restaurant-pyrenees.fr\/wp-content\/uploads\/2024\/05\/12-2-768x384.jpg 768w, https:\/\/www.hotel-restaurant-pyrenees.fr\/wp-content\/uploads\/2024\/05\/12-2-18x9.jpg 18w, https:\/\/www.hotel-restaurant-pyrenees.fr\/wp-content\/uploads\/2024\/05\/12-2.jpg 1200w\" sizes=\"(max-width: 1024px) 100vw, 1024px\" \/>\t\t\t\t\t\t\t\t\t\t\t\t\t\t\t<\/div>\n\t\t\t\t<\/div>\n\t\t\t\t<\/div>\n\t\t<div class=\"elementor-element elementor-element-76ae034 e-con-full e-flex e-con e-child\" data-id=\"76ae034\" data-element_type=\"container\" data-settings=\"{&quot;jet_parallax_layout_list&quot;:[]}\">\n\t\t\t\t<div class=\"elementor-element elementor-element-0c54b44 elementor-widget elementor-widget-heading\" data-id=\"0c54b44\" data-element_type=\"widget\" data-widget_type=\"heading.default\">\n\t\t\t\t<div class=\"elementor-widget-container\">\n\t\t\t\t\t<h3 class=\"elementor-heading-title elementor-size-default\">Flexibility and customization<\/h3>\t\t\t\t<\/div>\n\t\t\t\t<\/div>\n\t\t\t\t<div class=\"elementor-element elementor-element-583f8b1 elementor-widget elementor-widget-text-editor\" data-id=\"583f8b1\" data-element_type=\"widget\" data-widget_type=\"text-editor.default\">\n\t\t\t\t<div class=\"elementor-widget-container\">\n\t\t\t\t\t\t\t\t\t<p>With a tailor-made catering service, you have the opportunity to personalize every aspect of your meal according to your needs and preferences. Whether you want a traditional, gourmet, vegetarian or exotic menu, our team is there to respond to all your requests and create a menu that perfectly meets your expectations.<\/p>\t\t\t\t\t\t\t\t<\/div>\n\t\t\t\t<\/div>\n\t\t\t\t<div class=\"elementor-element elementor-element-e6dac05 elementor-widget elementor-widget-heading\" data-id=\"e6dac05\" data-element_type=\"widget\" data-widget_type=\"heading.default\">\n\t\t\t\t<div class=\"elementor-widget-container\">\n\t\t\t\t\t<h3 class=\"elementor-heading-title elementor-size-default\">Full service<\/h3>\t\t\t\t<\/div>\n\t\t\t\t<\/div>\n\t\t\t\t<div class=\"elementor-element elementor-element-5f42a5b elementor-widget elementor-widget-text-editor\" data-id=\"5f42a5b\" data-element_type=\"widget\" data-widget_type=\"text-editor.default\">\n\t\t\t\t<div class=\"elementor-widget-container\">\n\t\t\t\t\t\t\t\t\t<p>At Les Pyr\u00e9n\u00e9es, we offer a complete catering service, which goes beyond simple meal preparation. We can take care of the logistics of your event, from setting up tables to coordinating service, to ensure everything runs smoothly. You can count on our professionalism and commitment at every stage of your event.<\/p>\t\t\t\t\t\t\t\t<\/div>\n\t\t\t\t<\/div>\n\t\t\t\t<\/div>\n\t\t\t\t\t<\/div>\n\t\t\t\t<\/div>\n\t\t<div class=\"elementor-element elementor-element-a1b19b8 e-flex e-con-boxed e-con e-parent\" data-id=\"a1b19b8\" data-element_type=\"container\" data-settings=\"{&quot;jet_parallax_layout_list&quot;:[],&quot;background_background&quot;:&quot;gradient&quot;}\">\n\t\t\t\t\t<div class=\"e-con-inner\">\n\t\t<div class=\"elementor-element elementor-element-10ddfe1 e-con-full e-flex e-con e-child\" data-id=\"10ddfe1\" data-element_type=\"container\" data-settings=\"{&quot;jet_parallax_layout_list&quot;:[]}\">\n\t\t\t\t<div class=\"elementor-element elementor-element-03b4116 elementor-widget elementor-widget-image\" data-id=\"03b4116\" data-element_type=\"widget\" data-widget_type=\"image.default\">\n\t\t\t\t<div class=\"elementor-widget-container\">\n\t\t\t\t\t\t\t\t\t\t\t\t\t\t\t<img loading=\"lazy\" decoding=\"async\" width=\"900\" height=\"650\" src=\"https:\/\/www.hotel-restaurant-pyrenees.fr\/wp-content\/uploads\/2024\/05\/19-1.jpg\" class=\"attachment-large size-large wp-image-1149\" alt=\"\" srcset=\"https:\/\/www.hotel-restaurant-pyrenees.fr\/wp-content\/uploads\/2024\/05\/19-1.jpg 900w, https:\/\/www.hotel-restaurant-pyrenees.fr\/wp-content\/uploads\/2024\/05\/19-1-300x217.jpg 300w, https:\/\/www.hotel-restaurant-pyrenees.fr\/wp-content\/uploads\/2024\/05\/19-1-768x555.jpg 768w, https:\/\/www.hotel-restaurant-pyrenees.fr\/wp-content\/uploads\/2024\/05\/19-1-18x12.jpg 18w\" sizes=\"(max-width: 900px) 100vw, 900px\" \/>\t\t\t\t\t\t\t\t\t\t\t\t\t\t\t<\/div>\n\t\t\t\t<\/div>\n\t\t\t\t<\/div>\n\t\t<div class=\"elementor-element elementor-element-a23f376 e-con-full e-flex e-con e-child\" data-id=\"a23f376\" data-element_type=\"container\" data-settings=\"{&quot;jet_parallax_layout_list&quot;:[]}\">\n\t\t\t\t<div class=\"elementor-element elementor-element-16f1976 elementor-widget elementor-widget-heading\" data-id=\"16f1976\" data-element_type=\"widget\" data-widget_type=\"heading.default\">\n\t\t\t\t<div class=\"elementor-widget-container\">\n\t\t\t\t\t<h2 class=\"elementor-heading-title elementor-size-default\">Our catering service at your service<\/h2>\t\t\t\t<\/div>\n\t\t\t\t<\/div>\n\t\t\t\t<div class=\"elementor-element elementor-element-6de4a69 elementor-widget elementor-widget-text-editor\" data-id=\"6de4a69\" data-element_type=\"widget\" data-widget_type=\"text-editor.default\">\n\t\t\t\t<div class=\"elementor-widget-container\">\n\t\t\t\t\t\t\t\t\t<p>Whether you opt for drop-off or on-site service, the restaurant Les Pyr\u00e9n\u00e9es puts its know-how and experience at your disposal to guarantee the success of your event. We provide preparation in our kitchen and delivery to the event venue, or we can also take care of preparation, service and clearing by our teams on site.<\/p><p>We operate within a 200km radius around Mont de Marsan, to offer you a quality catering service wherever you are in the Landes and beyond. Trust the Les Pyr\u00e9n\u00e9es catering service to make your event an unforgettable and delicious moment.\u00a0<\/p>\t\t\t\t\t\t\t\t<\/div>\n\t\t\t\t<\/div>\n\t\t\t\t<div class=\"elementor-element elementor-element-dd63d47 elementor-align-justify elementor-widget__width-initial elementor-widget elementor-widget-button\" data-id=\"dd63d47\" data-element_type=\"widget\" data-widget_type=\"button.default\">\n\t\t\t\t<div class=\"elementor-widget-container\">\n\t\t\t\t\t\t\t\t\t<div class=\"elementor-button-wrapper\">\n\t\t\t\t\t<a class=\"elementor-button elementor-button-link elementor-size-sm\" href=\"https:\/\/www.hotel-restaurant-pyrenees.fr\/en\/contact\/\">\n\t\t\t\t\t\t<span class=\"elementor-button-content-wrapper\">\n\t\t\t\t\t\t\t\t\t<span class=\"elementor-button-text\">Contact us<\/span>\n\t\t\t\t\t<\/span>\n\t\t\t\t\t<\/a>\n\t\t\t\t<\/div>\n\t\t\t\t\t\t\t\t<\/div>\n\t\t\t\t<\/div>\n\t\t\t\t<\/div>\n\t\t\t\t\t<\/div>\n\t\t\t\t<\/div>\n\t\t\t\t<\/div>","protected":false},"excerpt":{"rendered":"<p>Tailor-made catering service in Mont de Marsan H\u00f4tel Les Pyr\u00e9n\u00e9es For your private or professional events in the [\u2026]<\/p>","protected":false},"author":1,"featured_media":0,"parent":0,"menu_order":0,"comment_status":"closed","ping_status":"closed","template":"","meta":{"_seopress_robots_primary_cat":"","_seopress_titles_title":"","_seopress_titles_desc":"","_seopress_robots_index":"","site-sidebar-layout":"no-sidebar","site-content-layout":"","ast-site-content-layout":"full-width-container","site-content-style":"default","site-sidebar-style":"default","ast-global-header-display":"","ast-banner-title-visibility":"","ast-main-header-display":"","ast-hfb-above-header-display":"","ast-hfb-below-header-display":"","ast-hfb-mobile-header-display":"","site-post-title":"disabled","ast-breadcrumbs-content":"","ast-featured-img":"disabled","footer-sml-layout":"","theme-transparent-header-meta":"","adv-header-id-meta":"","stick-header-meta":"","header-above-stick-meta":"","header-main-stick-meta":"","header-below-stick-meta":"","astra-migrate-meta-layouts":"default","ast-page-background-enabled":"default","ast-page-background-meta":{"desktop":{"background-color":"var(--ast-global-color-4)","background-image":"","background-repeat":"repeat","background-position":"center center","background-size":"auto","background-attachment":"scroll","background-type":"","background-media":"","overlay-type":"","overlay-color":"","overlay-gradient":""},"tablet":{"background-color":"","background-image":"","background-repeat":"repeat","background-position":"center center","background-size":"auto","background-attachment":"scroll","background-type":"","background-media":"","overlay-type":"","overlay-color":"","overlay-gradient":""},"mobile":{"background-color":"","background-image":"","background-repeat":"repeat","background-position":"center center","background-size":"auto","background-attachment":"scroll","background-type":"","background-media":"","overlay-type":"","overlay-color":"","overlay-gradient":""}},"ast-content-background-meta":{"desktop":{"background-color":"var(--ast-global-color-5)","background-image":"","background-repeat":"repeat","background-position":"center center","background-size":"auto","background-attachment":"scroll","background-type":"","background-media":"","overlay-type":"","overlay-color":"","overlay-gradient":""},"tablet":{"background-color":"var(--ast-global-color-5)","background-image":"","background-repeat":"repeat","background-position":"center center","background-size":"auto","background-attachment":"scroll","background-type":"","background-media":"","overlay-type":"","overlay-color":"","overlay-gradient":""},"mobile":{"background-color":"var(--ast-global-color-5)","background-image":"","background-repeat":"repeat","background-position":"center center","background-size":"auto","background-attachment":"scroll","background-type":"","background-media":"","overlay-type":"","overlay-color":"","overlay-gradient":""}},"footnotes":""},"class_list":["post-320","page","type-page","status-publish","hentry"],"_links":{"self":[{"href":"https:\/\/www.hotel-restaurant-pyrenees.fr\/en\/wp-json\/wp\/v2\/pages\/320","targetHints":{"allow":["GET"]}}],"collection":[{"href":"https:\/\/www.hotel-restaurant-pyrenees.fr\/en\/wp-json\/wp\/v2\/pages"}],"about":[{"href":"https:\/\/www.hotel-restaurant-pyrenees.fr\/en\/wp-json\/wp\/v2\/types\/page"}],"author":[{"embeddable":true,"href":"https:\/\/www.hotel-restaurant-pyrenees.fr\/en\/wp-json\/wp\/v2\/users\/1"}],"replies":[{"embeddable":true,"href":"https:\/\/www.hotel-restaurant-pyrenees.fr\/en\/wp-json\/wp\/v2\/comments?post=320"}],"version-history":[{"count":0,"href":"https:\/\/www.hotel-restaurant-pyrenees.fr\/en\/wp-json\/wp\/v2\/pages\/320\/revisions"}],"wp:attachment":[{"href":"https:\/\/www.hotel-restaurant-pyrenees.fr\/en\/wp-json\/wp\/v2\/media?parent=320"}],"curies":[{"name":"wp","href":"https:\/\/api.w.org\/{rel}","templated":true}]}}