{"id":296,"date":"2024-04-26T09:23:29","date_gmt":"2024-04-26T07:23:29","guid":{"rendered":"http:\/\/vcowhoy.cluster023.hosting.ovh.net\/wordpress\/?page_id=296"},"modified":"2024-11-15T15:47:01","modified_gmt":"2024-11-15T14:47:01","slug":"repas-de-groupe","status":"publish","type":"page","link":"https:\/\/www.hotel-restaurant-pyrenees.fr\/en\/restaurant\/repas-de-groupe\/","title":{"rendered":"Group meals"},"content":{"rendered":"<div data-elementor-type=\"wp-page\" data-elementor-id=\"296\" class=\"elementor elementor-296\" data-elementor-post-type=\"page\">\n\t\t\t\t<div class=\"elementor-element elementor-element-9e730ca e-flex e-con-boxed e-con e-parent\" data-id=\"9e730ca\" data-element_type=\"container\" data-settings=\"{&quot;background_background&quot;:&quot;classic&quot;,&quot;jet_parallax_layout_list&quot;:[]}\">\n\t\t\t\t\t<div class=\"e-con-inner\">\n\t\t\t\t<div class=\"elementor-element elementor-element-45d6bd7 elementor-widget elementor-widget-heading\" data-id=\"45d6bd7\" data-element_type=\"widget\" data-widget_type=\"heading.default\">\n\t\t\t\t<div class=\"elementor-widget-container\">\n\t\t\t\t\t<h1 class=\"elementor-heading-title elementor-size-default\">Group meal at Mont de Marsan<\/h1>\t\t\t\t<\/div>\n\t\t\t\t<\/div>\n\t\t<div class=\"elementor-element elementor-element-d96a46c elementor-hidden-tablet elementor-hidden-mobile e-flex e-con-boxed e-con e-child\" data-id=\"d96a46c\" data-element_type=\"container\" data-settings=\"{&quot;jet_parallax_layout_list&quot;:[]}\">\n\t\t\t\t\t<div class=\"e-con-inner\">\n\t\t\t\t<div class=\"elementor-element elementor-element-da3b3e5 elementor-widget elementor-widget-jet-breadcrumbs\" data-id=\"da3b3e5\" data-element_type=\"widget\" data-widget_type=\"jet-breadcrumbs.default\">\n\t\t\t\t<div class=\"elementor-widget-container\">\n\t\t\t\t\t<div class=\"elementor-jet-breadcrumbs jet-blocks\">\n\t\t<div class=\"jet-breadcrumbs\">\n\t\t<div class=\"jet-breadcrumbs__content\">\n\t\t<div class=\"jet-breadcrumbs__wrap\"><div class=\"jet-breadcrumbs__item\"><a href=\"https:\/\/www.hotel-restaurant-pyrenees.fr\/en\/\" class=\"jet-breadcrumbs__item-link is-home\" rel=\"home\" title=\"Hotel Les Pyrenees\">Hotel Les Pyrenees<\/a><\/div>\n\t\t<\/div>\n\t\t<\/div>\n\t\t<\/div><\/div>\t\t\t\t<\/div>\n\t\t\t\t<\/div>\n\t\t\t\t\t<\/div>\n\t\t\t\t<\/div>\n\t\t\t\t\t<\/div>\n\t\t\t\t<\/div>\n\t\t<div class=\"elementor-element elementor-element-7dbe159 e-flex e-con-boxed e-con e-parent\" data-id=\"7dbe159\" data-element_type=\"container\" data-settings=\"{&quot;jet_parallax_layout_list&quot;:[],&quot;background_background&quot;:&quot;classic&quot;}\">\n\t\t\t\t\t<div class=\"e-con-inner\">\n\t\t\t\t<div class=\"elementor-element elementor-element-8203833 elementor-widget elementor-widget-heading\" data-id=\"8203833\" data-element_type=\"widget\" data-widget_type=\"heading.default\">\n\t\t\t\t<div class=\"elementor-widget-container\">\n\t\t\t\t\t<h2 class=\"elementor-heading-title elementor-size-default\">End of year menu for groups and companies<\/h2>\t\t\t\t<\/div>\n\t\t\t\t<\/div>\n\t\t\t\t<div class=\"elementor-element elementor-element-dffd182 elementor-widget elementor-widget-heading\" data-id=\"dffd182\" data-element_type=\"widget\" data-widget_type=\"heading.default\">\n\t\t\t\t<div class=\"elementor-widget-container\">\n\t\t\t\t\t<h2 class=\"elementor-heading-title elementor-size-default\">34\u20ac<\/h2>\t\t\t\t<\/div>\n\t\t\t\t<\/div>\n\t\t<div class=\"elementor-element elementor-element-296f8fa e-flex e-con-boxed e-con e-child\" data-id=\"296f8fa\" data-element_type=\"container\" data-settings=\"{&quot;jet_parallax_layout_list&quot;:[]}\">\n\t\t\t\t\t<div class=\"e-con-inner\">\n\t\t\t\t<div class=\"elementor-element elementor-element-a892737 elementor-widget elementor-widget-text-editor\" data-id=\"a892737\" data-element_type=\"widget\" data-widget_type=\"text-editor.default\">\n\t\t\t\t<div class=\"elementor-widget-container\">\n\t\t\t\t\t\t\t\t\t<p>Melting beef cheeks in brioche, lamb&#039;s lettuce and winemaker&#039;s cheese<br \/>Or<br \/>Jerusalem artichoke velout\u00e9, perfect egg, delicious toast<br \/>\u2026..<br \/>Braised veal chuck with mushrooms, rosemary-glazed carrots<br \/>Or<br \/>Roasted pollack steak, parsnips in hazelnut butter, pea and lemon pesto<br \/>\u2026..<br \/>Our Chocolate, Homemade Ice Cream dessert<br \/>Or<br \/>Almond tart our way, homemade prune and Armagnac ice cream<\/p>\t\t\t\t\t\t\t\t<\/div>\n\t\t\t\t<\/div>\n\t\t\t\t\t<\/div>\n\t\t\t\t<\/div>\n\t\t\t\t\t<\/div>\n\t\t\t\t<\/div>\n\t\t<div class=\"elementor-element elementor-element-a2d5df5 e-flex e-con-boxed e-con e-parent\" data-id=\"a2d5df5\" data-element_type=\"container\" data-settings=\"{&quot;jet_parallax_layout_list&quot;:[],&quot;background_background&quot;:&quot;gradient&quot;}\">\n\t\t\t\t\t<div class=\"e-con-inner\">\n\t\t<div class=\"elementor-element elementor-element-b5ad07f e-con-full e-flex e-con e-child\" data-id=\"b5ad07f\" data-element_type=\"container\" data-settings=\"{&quot;jet_parallax_layout_list&quot;:[]}\">\n\t\t\t\t<div class=\"elementor-element elementor-element-723f34c elementor-widget elementor-widget-image\" data-id=\"723f34c\" data-element_type=\"widget\" data-widget_type=\"image.default\">\n\t\t\t\t<div class=\"elementor-widget-container\">\n\t\t\t\t\t\t\t\t\t\t\t\t\t\t\t<img fetchpriority=\"high\" decoding=\"async\" width=\"1024\" height=\"512\" src=\"https:\/\/www.hotel-restaurant-pyrenees.fr\/wp-content\/uploads\/2024\/05\/7-2-1024x512.jpg\" class=\"attachment-large size-large wp-image-1173\" alt=\"\" srcset=\"https:\/\/www.hotel-restaurant-pyrenees.fr\/wp-content\/uploads\/2024\/05\/7-2-1024x512.jpg 1024w, https:\/\/www.hotel-restaurant-pyrenees.fr\/wp-content\/uploads\/2024\/05\/7-2-300x150.jpg 300w, https:\/\/www.hotel-restaurant-pyrenees.fr\/wp-content\/uploads\/2024\/05\/7-2-768x384.jpg 768w, https:\/\/www.hotel-restaurant-pyrenees.fr\/wp-content\/uploads\/2024\/05\/7-2-18x9.jpg 18w, https:\/\/www.hotel-restaurant-pyrenees.fr\/wp-content\/uploads\/2024\/05\/7-2.jpg 1200w\" sizes=\"(max-width: 1024px) 100vw, 1024px\" \/>\t\t\t\t\t\t\t\t\t\t\t\t\t\t\t<\/div>\n\t\t\t\t<\/div>\n\t\t\t\t<\/div>\n\t\t<div class=\"elementor-element elementor-element-ce7d561 e-con-full e-flex e-con e-child\" data-id=\"ce7d561\" data-element_type=\"container\" data-settings=\"{&quot;jet_parallax_layout_list&quot;:[]}\">\n\t\t\t\t<div class=\"elementor-element elementor-element-42f045f elementor-widget elementor-widget-heading\" data-id=\"42f045f\" data-element_type=\"widget\" data-widget_type=\"heading.default\">\n\t\t\t\t<div class=\"elementor-widget-container\">\n\t\t\t\t\t<h2 class=\"elementor-heading-title elementor-size-default\">Group meal at Les Pyr\u00e9n\u00e9es restaurant<\/h2>\t\t\t\t<\/div>\n\t\t\t\t<\/div>\n\t\t\t\t<div class=\"elementor-element elementor-element-fe128ce elementor-widget elementor-widget-text-editor\" data-id=\"fe128ce\" data-element_type=\"widget\" data-widget_type=\"text-editor.default\">\n\t\t\t\t<div class=\"elementor-widget-container\">\n\t\t\t\t\t\t\t\t\t<p>The Les Pyr\u00e9n\u00e9es restaurant welcomes you to a modern and warm place in the heart of Mont de Marsan. For all occasions, whether you are planning a breakfast, lunch, dinner or even a cocktail dinner, our team is ready to make your event a memorable one. Our restaurant offers local and authentic cuisine, highlighting local delights with fresh, seasonal products. Each dish is carefully prepared to offer a blend of flavors that will delight your taste buds and delight your guests.<\/p><p>Whether you are looking for an intimate setting for a family reunion or a spacious space for a large celebration, our facility can meet all your needs. Our function rooms can accommodate groups of different sizes, from small gatherings of 5 people or more, to larger receptions of up to 130 people. In addition, our green terrace offers a charming setting to enjoy balmy summer evenings out of sight.<\/p>\t\t\t\t\t\t\t\t<\/div>\n\t\t\t\t<\/div>\n\t\t\t\t<\/div>\n\t\t\t\t\t<\/div>\n\t\t\t\t<\/div>\n\t\t<div class=\"elementor-element elementor-element-3be3f12 e-flex e-con-boxed e-con e-parent\" data-id=\"3be3f12\" data-element_type=\"container\" data-settings=\"{&quot;jet_parallax_layout_list&quot;:[],&quot;background_background&quot;:&quot;classic&quot;}\">\n\t\t\t\t\t<div class=\"e-con-inner\">\n\t\t<div class=\"elementor-element elementor-element-a408823 e-con-full e-flex e-con e-child\" data-id=\"a408823\" data-element_type=\"container\" data-settings=\"{&quot;jet_parallax_layout_list&quot;:[]}\">\n\t\t\t\t<div class=\"elementor-element elementor-element-f6a9bad elementor-widget elementor-widget-image\" data-id=\"f6a9bad\" data-element_type=\"widget\" data-widget_type=\"image.default\">\n\t\t\t\t<div class=\"elementor-widget-container\">\n\t\t\t\t\t\t\t\t\t\t\t\t\t\t\t<img decoding=\"async\" width=\"1024\" height=\"512\" src=\"https:\/\/www.hotel-restaurant-pyrenees.fr\/wp-content\/uploads\/2024\/05\/11-2-1024x512.jpg\" class=\"attachment-large size-large wp-image-1177\" alt=\"\" srcset=\"https:\/\/www.hotel-restaurant-pyrenees.fr\/wp-content\/uploads\/2024\/05\/11-2-1024x512.jpg 1024w, https:\/\/www.hotel-restaurant-pyrenees.fr\/wp-content\/uploads\/2024\/05\/11-2-300x150.jpg 300w, https:\/\/www.hotel-restaurant-pyrenees.fr\/wp-content\/uploads\/2024\/05\/11-2-768x384.jpg 768w, https:\/\/www.hotel-restaurant-pyrenees.fr\/wp-content\/uploads\/2024\/05\/11-2-18x9.jpg 18w, https:\/\/www.hotel-restaurant-pyrenees.fr\/wp-content\/uploads\/2024\/05\/11-2.jpg 1200w\" sizes=\"(max-width: 1024px) 100vw, 1024px\" \/>\t\t\t\t\t\t\t\t\t\t\t\t\t\t\t<\/div>\n\t\t\t\t<\/div>\n\t\t\t\t<\/div>\n\t\t<div class=\"elementor-element elementor-element-df29611 e-con-full e-flex e-con e-child\" data-id=\"df29611\" data-element_type=\"container\" data-settings=\"{&quot;jet_parallax_layout_list&quot;:[]}\">\n\t\t\t\t<div class=\"elementor-element elementor-element-20f5da1 elementor-widget elementor-widget-heading\" data-id=\"20f5da1\" data-element_type=\"widget\" data-widget_type=\"heading.default\">\n\t\t\t\t<div class=\"elementor-widget-container\">\n\t\t\t\t\t<h2 class=\"elementor-heading-title elementor-size-default\">The advantages of choosing our restaurant for your group meals in the Landes<\/h2>\t\t\t\t<\/div>\n\t\t\t\t<\/div>\n\t\t\t\t<div class=\"elementor-element elementor-element-014321f elementor-widget elementor-widget-text-editor\" data-id=\"014321f\" data-element_type=\"widget\" data-widget_type=\"text-editor.default\">\n\t\t\t\t<div class=\"elementor-widget-container\">\n\t\t\t\t\t\t\t\t\t<p>Why choose our hotel for your group meals? Quite simply because we do everything we can to guarantee the success of your event. Our team is here to listen to your specific needs and ensure that every detail is taken into account.<\/p><p>By choosing the Les Pyr\u00e9n\u00e9es restaurant for your group meals in Mont de Marsan, you benefit from numerous advantages. First of all, our central location in the heart of the city makes it a convenient and accessible choice for all your guests.<br \/>Whether you are a group of friends, a family or a company, we welcome you with professionalism and friendliness.<\/p>\t\t\t\t\t\t\t\t<\/div>\n\t\t\t\t<\/div>\n\t\t\t\t<\/div>\n\t\t\t\t\t<\/div>\n\t\t\t\t<\/div>\n\t\t<div class=\"elementor-element elementor-element-0e1b0d5 e-flex e-con-boxed e-con e-parent\" data-id=\"0e1b0d5\" data-element_type=\"container\" data-settings=\"{&quot;jet_parallax_layout_list&quot;:[],&quot;background_background&quot;:&quot;gradient&quot;}\">\n\t\t\t\t\t<div class=\"e-con-inner\">\n\t\t<div class=\"elementor-element elementor-element-03c1799 e-con-full e-flex e-con e-child\" data-id=\"03c1799\" data-element_type=\"container\" data-settings=\"{&quot;jet_parallax_layout_list&quot;:[]}\">\n\t\t\t\t<div class=\"elementor-element elementor-element-f2fd65f elementor-widget elementor-widget-image\" data-id=\"f2fd65f\" data-element_type=\"widget\" data-widget_type=\"image.default\">\n\t\t\t\t<div class=\"elementor-widget-container\">\n\t\t\t\t\t\t\t\t\t\t\t\t\t\t\t<img decoding=\"async\" width=\"900\" height=\"650\" src=\"https:\/\/www.hotel-restaurant-pyrenees.fr\/wp-content\/uploads\/2024\/05\/25-1.jpg\" class=\"attachment-large size-large wp-image-1155\" alt=\"\" srcset=\"https:\/\/www.hotel-restaurant-pyrenees.fr\/wp-content\/uploads\/2024\/05\/25-1.jpg 900w, https:\/\/www.hotel-restaurant-pyrenees.fr\/wp-content\/uploads\/2024\/05\/25-1-300x217.jpg 300w, https:\/\/www.hotel-restaurant-pyrenees.fr\/wp-content\/uploads\/2024\/05\/25-1-768x555.jpg 768w, https:\/\/www.hotel-restaurant-pyrenees.fr\/wp-content\/uploads\/2024\/05\/25-1-18x12.jpg 18w\" sizes=\"(max-width: 900px) 100vw, 900px\" \/>\t\t\t\t\t\t\t\t\t\t\t\t\t\t\t<\/div>\n\t\t\t\t<\/div>\n\t\t\t\t<\/div>\n\t\t<div class=\"elementor-element elementor-element-1ee2ebd e-con-full e-flex e-con e-child\" data-id=\"1ee2ebd\" data-element_type=\"container\" data-settings=\"{&quot;jet_parallax_layout_list&quot;:[]}\">\n\t\t\t\t<div class=\"elementor-element elementor-element-101877f elementor-widget elementor-widget-heading\" data-id=\"101877f\" data-element_type=\"widget\" data-widget_type=\"heading.default\">\n\t\t\t\t<div class=\"elementor-widget-container\">\n\t\t\t\t\t<h2 class=\"elementor-heading-title elementor-size-default\">A restaurant with local and homemade cuisine<\/h2>\t\t\t\t<\/div>\n\t\t\t\t<\/div>\n\t\t\t\t<div class=\"elementor-element elementor-element-61f482d elementor-widget elementor-widget-text-editor\" data-id=\"61f482d\" data-element_type=\"widget\" data-widget_type=\"text-editor.default\">\n\t\t\t\t<div class=\"elementor-widget-container\">\n\t\t\t\t\t\t\t\t\t<p>At Les Pyr\u00e9n\u00e9es restaurant, our cuisine is inspired by local traditions and highlights fresh, seasonal products from the region. Our team of chefs strives to use their skills so that you can benefit from cuisine worthy of the Landes region. Indeed, our menus are designed to satisfy all palates, from traditional dishes to innovative creations, all homemade!<\/p><p>We understand that every event is unique and that is why we offer the possibility of creating a tailor-made menu, tailored to your tastes and preferences. Whether you have special dietary requirements or simply want to surprise your guests with personalized dishes, our talented chef is here to fulfill your culinary wishes.<\/p><p>By choosing Les Pyr\u00e9n\u00e9es for your group meals in Mont de Marsan, you are assured of an exceptional culinary experience in an elegant and modern setting. Contact us today to book your event and let us make your special occasion a warm and welcoming one.\u00a0<\/p>\t\t\t\t\t\t\t\t<\/div>\n\t\t\t\t<\/div>\n\t\t\t\t<\/div>\n\t\t\t\t\t<\/div>\n\t\t\t\t<\/div>\n\t\t<div class=\"elementor-element elementor-element-3d5e137 e-flex e-con-boxed e-con e-parent\" data-id=\"3d5e137\" data-element_type=\"container\" data-settings=\"{&quot;background_background&quot;:&quot;classic&quot;,&quot;jet_parallax_layout_list&quot;:[]}\">\n\t\t\t\t\t<div class=\"e-con-inner\">\n\t\t\t\t<div class=\"elementor-element elementor-element-b2bd9e6 elementor-widget elementor-widget-heading\" data-id=\"b2bd9e6\" data-element_type=\"widget\" data-widget_type=\"heading.default\">\n\t\t\t\t<div class=\"elementor-widget-container\">\n\t\t\t\t\t<h2 class=\"elementor-heading-title elementor-size-default\">Reserve your table<\/h2>\t\t\t\t<\/div>\n\t\t\t\t<\/div>\n\t\t\t\t<div class=\"elementor-element elementor-element-825f761 elementor-widget elementor-widget-text-editor\" data-id=\"825f761\" data-element_type=\"widget\" data-widget_type=\"text-editor.default\">\n\t\t\t\t<div class=\"elementor-widget-container\">\n\t\t\t\t\t\t\t\t\t<p>With family, friends or colleagues, come and enjoy the moment in the cozy and warm decor of the Pyrenees!<\/p><p>Marc Giraud and his team will have the pleasure of welcoming you for a meal and\/or a stay in these walls steeped in history.<\/p><p>Catering on the terrace or in the dining room, takeaway meals.<br \/>Delivery possible for businesses, communities, individuals for 10 people or more.\u00a0<\/p>\t\t\t\t\t\t\t\t<\/div>\n\t\t\t\t<\/div>\n\t\t\t\t<div class=\"elementor-element elementor-element-ac01f93 elementor-align-justify elementor-widget__width-initial elementor-widget elementor-widget-button\" data-id=\"ac01f93\" data-element_type=\"widget\" data-widget_type=\"button.default\">\n\t\t\t\t<div class=\"elementor-widget-container\">\n\t\t\t\t\t\t\t\t\t<div class=\"elementor-button-wrapper\">\n\t\t\t\t\t<a class=\"elementor-button elementor-button-link elementor-size-sm\" href=\"https:\/\/www.hotel-restaurant-pyrenees.fr\/en\/contact\/\">\n\t\t\t\t\t\t<span class=\"elementor-button-content-wrapper\">\n\t\t\t\t\t\t\t\t\t<span class=\"elementor-button-text\">Contact us<\/span>\n\t\t\t\t\t<\/span>\n\t\t\t\t\t<\/a>\n\t\t\t\t<\/div>\n\t\t\t\t\t\t\t\t<\/div>\n\t\t\t\t<\/div>\n\t\t\t\t\t<\/div>\n\t\t\t\t<\/div>\n\t\t\t\t<\/div>","protected":false},"excerpt":{"rendered":"<p>Group meal at Mont de Marsan H\u00f4tel Les Pyr\u00e9n\u00e9es End of year menu for groups and companies \u20ac34 The cheeks [\u2026]<\/p>","protected":false},"author":1,"featured_media":0,"parent":229,"menu_order":0,"comment_status":"closed","ping_status":"closed","template":"","meta":{"_seopress_robots_primary_cat":"","_seopress_titles_title":"","_seopress_titles_desc":"","_seopress_robots_index":"","site-sidebar-layout":"no-sidebar","site-content-layout":"","ast-site-content-layout":"full-width-container","site-content-style":"default","site-sidebar-style":"default","ast-global-header-display":"","ast-banner-title-visibility":"","ast-main-header-display":"","ast-hfb-above-header-display":"","ast-hfb-below-header-display":"","ast-hfb-mobile-header-display":"","site-post-title":"disabled","ast-breadcrumbs-content":"","ast-featured-img":"disabled","footer-sml-layout":"","theme-transparent-header-meta":"","adv-header-id-meta":"","stick-header-meta":"","header-above-stick-meta":"","header-main-stick-meta":"","header-below-stick-meta":"","astra-migrate-meta-layouts":"default","ast-page-background-enabled":"default","ast-page-background-meta":{"desktop":{"background-color":"var(--ast-global-color-4)","background-image":"","background-repeat":"repeat","background-position":"center center","background-size":"auto","background-attachment":"scroll","background-type":"","background-media":"","overlay-type":"","overlay-color":"","overlay-gradient":""},"tablet":{"background-color":"","background-image":"","background-repeat":"repeat","background-position":"center center","background-size":"auto","background-attachment":"scroll","background-type":"","background-media":"","overlay-type":"","overlay-color":"","overlay-gradient":""},"mobile":{"background-color":"","background-image":"","background-repeat":"repeat","background-position":"center center","background-size":"auto","background-attachment":"scroll","background-type":"","background-media":"","overlay-type":"","overlay-color":"","overlay-gradient":""}},"ast-content-background-meta":{"desktop":{"background-color":"var(--ast-global-color-5)","background-image":"","background-repeat":"repeat","background-position":"center center","background-size":"auto","background-attachment":"scroll","background-type":"","background-media":"","overlay-type":"","overlay-color":"","overlay-gradient":""},"tablet":{"background-color":"var(--ast-global-color-5)","background-image":"","background-repeat":"repeat","background-position":"center center","background-size":"auto","background-attachment":"scroll","background-type":"","background-media":"","overlay-type":"","overlay-color":"","overlay-gradient":""},"mobile":{"background-color":"var(--ast-global-color-5)","background-image":"","background-repeat":"repeat","background-position":"center center","background-size":"auto","background-attachment":"scroll","background-type":"","background-media":"","overlay-type":"","overlay-color":"","overlay-gradient":""}},"footnotes":""},"class_list":["post-296","page","type-page","status-publish","hentry"],"_links":{"self":[{"href":"https:\/\/www.hotel-restaurant-pyrenees.fr\/en\/wp-json\/wp\/v2\/pages\/296","targetHints":{"allow":["GET"]}}],"collection":[{"href":"https:\/\/www.hotel-restaurant-pyrenees.fr\/en\/wp-json\/wp\/v2\/pages"}],"about":[{"href":"https:\/\/www.hotel-restaurant-pyrenees.fr\/en\/wp-json\/wp\/v2\/types\/page"}],"author":[{"embeddable":true,"href":"https:\/\/www.hotel-restaurant-pyrenees.fr\/en\/wp-json\/wp\/v2\/users\/1"}],"replies":[{"embeddable":true,"href":"https:\/\/www.hotel-restaurant-pyrenees.fr\/en\/wp-json\/wp\/v2\/comments?post=296"}],"version-history":[{"count":9,"href":"https:\/\/www.hotel-restaurant-pyrenees.fr\/en\/wp-json\/wp\/v2\/pages\/296\/revisions"}],"predecessor-version":[{"id":2037,"href":"https:\/\/www.hotel-restaurant-pyrenees.fr\/en\/wp-json\/wp\/v2\/pages\/296\/revisions\/2037"}],"up":[{"embeddable":true,"href":"https:\/\/www.hotel-restaurant-pyrenees.fr\/en\/wp-json\/wp\/v2\/pages\/229"}],"wp:attachment":[{"href":"https:\/\/www.hotel-restaurant-pyrenees.fr\/en\/wp-json\/wp\/v2\/media?parent=296"}],"curies":[{"name":"wp","href":"https:\/\/api.w.org\/{rel}","templated":true}]}}