{"id":229,"date":"2024-04-25T15:38:43","date_gmt":"2024-04-25T13:38:43","guid":{"rendered":"http:\/\/vcowhoy.cluster023.hosting.ovh.net\/wordpress\/?page_id=229"},"modified":"2024-05-27T18:43:58","modified_gmt":"2024-05-27T16:43:58","slug":"restaurant","status":"publish","type":"page","link":"https:\/\/www.hotel-restaurant-pyrenees.fr\/en\/restaurant\/","title":{"rendered":"Restaurant"},"content":{"rendered":"<div data-elementor-type=\"wp-page\" data-elementor-id=\"229\" class=\"elementor elementor-229\" data-elementor-post-type=\"page\">\n\t\t\t\t<div class=\"elementor-element elementor-element-3c16f8b e-flex e-con-boxed e-con e-parent\" data-id=\"3c16f8b\" data-element_type=\"container\" data-settings=\"{&quot;background_background&quot;:&quot;classic&quot;,&quot;jet_parallax_layout_list&quot;:[]}\">\n\t\t\t\t\t<div class=\"e-con-inner\">\n\t\t\t\t<div class=\"elementor-element elementor-element-8d81a13 elementor-widget elementor-widget-heading\" data-id=\"8d81a13\" data-element_type=\"widget\" data-widget_type=\"heading.default\">\n\t\t\t\t<div class=\"elementor-widget-container\">\n\t\t\t\t\t<h1 class=\"elementor-heading-title elementor-size-default\">Homemade restaurant in Mont de Marsan<\/h1>\t\t\t\t<\/div>\n\t\t\t\t<\/div>\n\t\t<div class=\"elementor-element elementor-element-0c42d8b elementor-hidden-tablet elementor-hidden-mobile e-flex e-con-boxed e-con e-child\" data-id=\"0c42d8b\" data-element_type=\"container\" data-settings=\"{&quot;jet_parallax_layout_list&quot;:[]}\">\n\t\t\t\t\t<div class=\"e-con-inner\">\n\t\t\t\t<div class=\"elementor-element elementor-element-fb92e3c elementor-widget elementor-widget-jet-breadcrumbs\" data-id=\"fb92e3c\" data-element_type=\"widget\" data-widget_type=\"jet-breadcrumbs.default\">\n\t\t\t\t<div class=\"elementor-widget-container\">\n\t\t\t\t\t<div class=\"elementor-jet-breadcrumbs jet-blocks\">\n\t\t<div class=\"jet-breadcrumbs\">\n\t\t<div class=\"jet-breadcrumbs__content\">\n\t\t<div class=\"jet-breadcrumbs__wrap\"><div class=\"jet-breadcrumbs__item\"><a href=\"https:\/\/www.hotel-restaurant-pyrenees.fr\/en\/\" class=\"jet-breadcrumbs__item-link is-home\" rel=\"home\" title=\"Hotel Les Pyrenees\">Hotel Les Pyrenees<\/a><\/div>\n\t\t<\/div>\n\t\t<\/div>\n\t\t<\/div><\/div>\t\t\t\t<\/div>\n\t\t\t\t<\/div>\n\t\t\t\t\t<\/div>\n\t\t\t\t<\/div>\n\t\t\t\t\t<\/div>\n\t\t\t\t<\/div>\n\t\t<div class=\"elementor-element elementor-element-f763fff e-flex e-con-boxed e-con e-parent\" data-id=\"f763fff\" data-element_type=\"container\" data-settings=\"{&quot;jet_parallax_layout_list&quot;:[],&quot;background_background&quot;:&quot;gradient&quot;}\">\n\t\t\t\t\t<div class=\"e-con-inner\">\n\t\t<div class=\"elementor-element elementor-element-d02ee98 e-con-full e-flex e-con e-child\" data-id=\"d02ee98\" data-element_type=\"container\" data-settings=\"{&quot;jet_parallax_layout_list&quot;:[]}\">\n\t\t\t\t<div class=\"elementor-element elementor-element-3c83d18 elementor-widget elementor-widget-image\" data-id=\"3c83d18\" data-element_type=\"widget\" data-widget_type=\"image.default\">\n\t\t\t\t<div class=\"elementor-widget-container\">\n\t\t\t\t\t\t\t\t\t\t\t\t\t\t\t<img fetchpriority=\"high\" decoding=\"async\" width=\"900\" height=\"650\" src=\"https:\/\/www.hotel-restaurant-pyrenees.fr\/wp-content\/uploads\/2024\/05\/16-1.jpg\" class=\"attachment-large size-large wp-image-1146\" alt=\"\" srcset=\"https:\/\/www.hotel-restaurant-pyrenees.fr\/wp-content\/uploads\/2024\/05\/16-1.jpg 900w, https:\/\/www.hotel-restaurant-pyrenees.fr\/wp-content\/uploads\/2024\/05\/16-1-300x217.jpg 300w, https:\/\/www.hotel-restaurant-pyrenees.fr\/wp-content\/uploads\/2024\/05\/16-1-768x555.jpg 768w, https:\/\/www.hotel-restaurant-pyrenees.fr\/wp-content\/uploads\/2024\/05\/16-1-18x12.jpg 18w\" sizes=\"(max-width: 900px) 100vw, 900px\" \/>\t\t\t\t\t\t\t\t\t\t\t\t\t\t\t<\/div>\n\t\t\t\t<\/div>\n\t\t\t\t<\/div>\n\t\t<div class=\"elementor-element elementor-element-3487da1 e-con-full e-flex e-con e-child\" data-id=\"3487da1\" data-element_type=\"container\" data-settings=\"{&quot;jet_parallax_layout_list&quot;:[]}\">\n\t\t\t\t<div class=\"elementor-element elementor-element-27e5c68 elementor-widget elementor-widget-heading\" data-id=\"27e5c68\" data-element_type=\"widget\" data-widget_type=\"heading.default\">\n\t\t\t\t<div class=\"elementor-widget-container\">\n\t\t\t\t\t<h2 class=\"elementor-heading-title elementor-size-default\">Restaurant Les Pyrenees<\/h2>\t\t\t\t<\/div>\n\t\t\t\t<\/div>\n\t\t\t\t<div class=\"elementor-element elementor-element-a7b3acb elementor-widget elementor-widget-text-editor\" data-id=\"a7b3acb\" data-element_type=\"widget\" data-widget_type=\"text-editor.default\">\n\t\t\t\t<div class=\"elementor-widget-container\">\n\t\t\t\t\t\t\t\t\t<p>Our hotel also offers a catering service so that you can enjoy your stay.<\/p><p>Specialist in traditional seasonal recipes, you can enjoy menus with local products revisited with modernity. You will have the choice between our daily menu and our \u00e0 la carte to find what you are looking for.\u00a0<span style=\"color: var( --e-global-color-8683b20 ); font-family: var( --e-global-typography-text-font-family ), Sans-serif; font-size: var( --e-global-typography-text-font-size ); font-weight: var( --e-global-typography-text-font-weight ); background-color: transparent;\">In addition, we are committed to offering you a quality and efficient service, particularly at lunchtime for employees because we want all our customers to enjoy this moment of break without worrying about the weather.<\/span><\/p><p>Our team of experienced cooks works every day to select quality products in order to be able to offer you dishes that highlight the flavors, colors but also the textures of the different fresh products that we use.<\/p>\t\t\t\t\t\t\t\t<\/div>\n\t\t\t\t<\/div>\n\t\t\t\t<div class=\"elementor-element elementor-element-123dce5 elementor-position-left elementor-view-default elementor-mobile-position-top elementor-vertical-align-top elementor-widget elementor-widget-icon-box\" data-id=\"123dce5\" data-element_type=\"widget\" data-widget_type=\"icon-box.default\">\n\t\t\t\t<div class=\"elementor-widget-container\">\n\t\t\t\t\t\t\t<div class=\"elementor-icon-box-wrapper\">\n\n\t\t\t\t\t\t<div class=\"elementor-icon-box-icon\">\n\t\t\t\t<span  class=\"elementor-icon\">\n\t\t\t\t<svg xmlns=\"http:\/\/www.w3.org\/2000\/svg\" xmlns:xlink=\"http:\/\/www.w3.org\/1999\/xlink\" width=\"512\" height=\"512\" x=\"0\" y=\"0\" viewbox=\"0 0 512 512\" style=\"enable-background:new 0 0 512 512\" xml:space=\"preserve\" class=\"\"><g><path d=\"M68.163 219.704a7.994 7.994 0 1 0 15.988 0c0-46.189 18.299-88.888 49.085-120.134a97.809 97.809 0 0 0 11.327 2.12 99.12 99.12 0 0 0 12.565.802c20.357 0 40.223-6.308 56.994-18.271 20.092-14.331 33.971-35.47 39.082-59.523a7.994 7.994 0 0 0-5.501-9.312 95.595 95.595 0 0 0-15.854-3.37c-24.634-3.148-49.329 3.056-69.541 17.473-19.395 13.835-32.976 34.02-38.497 57.037a190.026 190.026 0 0 0-27.731 34.807 98.688 98.688 0 0 0-9.405-29.275C76.15 71.228 58.482 54.778 36.929 45.74a98.89 98.89 0 0 0-15.387-5.025 7.988 7.988 0 0 0-9.455 5.309c-9.494 29.251 3.242 59.367 11.679 74.715 11.924 21.69 29.561 40.297 43.884 46.298a256.078 256.078 0 0 0 7.18 2.912c-4.405 16.034-6.667 32.721-6.667 49.755zM229.829 27.875l.029.003c1.92.239 3.842.551 5.755.935-11.58 36.881-48.318 61.344-87.325 57.194 15.859-12.663 34.168-22.649 54.37-29.173a7.992 7.992 0 0 0 5.149-10.063 7.992 7.992 0 0 0-10.063-5.15c-16.953 5.475-32.828 13.237-47.311 23.038 16.851-25.644 47.484-40.868 79.396-36.784zM37.776 113.037c-6.433-11.701-15.85-33.299-12.31-54.562a82.016 82.016 0 0 1 5.27 2.006l.009.003c29.999 12.577 49.037 40.899 50.484 71.982-7.732-16.008-17.708-30.913-29.554-44.034a7.995 7.995 0 0 0-11.867 10.714c13.749 15.227 24.733 33.089 32.274 52.309-9.434-4.884-23.661-19.052-34.306-38.418zm385.2 129.514h-9.294c6.442-29.564 1.022-60.951-13.972-76.241-16.803-17.105-41.09-7.303-58.825-.147a458.107 458.107 0 0 1-5.14 2.049c1.535-14.651 6.641-27.767 20.891-41.23a7.992 7.992 0 0 0 .321-11.3c-3.032-3.209-8.094-3.353-11.3-.321-16.126 15.235-24.008 31.064-25.971 52.999-2.99-1.041-6.18-2.404-9.443-3.803-11.605-4.974-26.051-11.163-41.475-6.602-8.896 2.636-16.393 9.374-21.681 19.483-8.894 17.007-10.801 41.648-5.436 65.113h-6.527v-5.442c0-8.153-2.42-15.243-7.391-21.664l-9.963-12.915a7.99 7.99 0 0 0 4.145-7.005v-24.604a7.994 7.994 0 0 0-7.994-7.994H113.404a7.994 7.994 0 0 0-7.994 7.994v24.604a7.99 7.99 0 0 0 4.125 6.993l-9.982 12.939c-4.967 6.464-7.382 13.547-7.382 21.652v5.442H87.58c-10.707 0-19.418 8.723-19.418 19.446v19.502c0 9.27 6.535 17.032 15.236 18.951l31.237 156.297c5.193 25.93 27.289 44.04 53.731 44.04h173.849c26.427 0 48.51-18.11 53.703-44.042l31.266-156.303c8.688-1.93 15.208-9.684 15.208-18.944v-19.502c.002-10.722-8.709-19.445-19.416-19.445zm-161.722-57.704c2.257-4.314 6.18-9.823 12.052-11.563 9.894-2.926 19.97 1.395 30.64 5.967 10.83 4.642 22.031 9.441 33.136 5.528 3.105-1.095 6.351-2.405 9.785-3.791 18.199-7.344 32.808-12.262 41.433-3.48 10.21 10.412 16.047 37.537 8.97 65.042H258.123c-5.519-20.717-4.399-43.304 3.131-57.703zm-139.856-5.934h84.528v8.617h-84.528zm-13.238 58.195c0-4.511 1.293-8.296 4.062-11.899l16.734-21.692h69.386l16.742 21.703c2.803 3.621 4.053 7.288 4.053 11.888v5.442H108.16zm-24.009 24.889c0-1.875 1.57-3.458 3.43-3.458h335.395c1.859 0 3.43 1.584 3.43 3.458v19.502a3.434 3.434 0 0 1-3.43 3.43H87.581a3.434 3.434 0 0 1-3.43-3.43zM331.788 484.8h-26.212l2.266-33.987h28.478zm-157.551-33.988h28.477l2.265 33.987h-26.211zm-54.465-49.946h31.678l4.527 33.959h-29.418zm92.304-49.975h35.208v33.987h-32.943zm-13.757 33.987h-32.872l-4.531-33.987h35.138zm48.965 15.988v33.959h-29.613l-2.264-33.959zm15.988 0h31.876l-2.264 33.959h-29.613v-33.959zm0-15.988v-33.987h35.208l-2.266 33.987zm51.23-33.987h35.138l-4.531 33.987h-32.872zm1.066-15.987 2.266-33.988h38.469l-4.531 33.988zm-16.022 0h-36.273v-33.988h38.539zm-52.262 0H211.01l-2.265-33.988h38.539zm-54.561-33.988 2.265 33.988h-36.203l-4.531-33.988zm-54.598 0 4.531 33.988h-36.067l-6.792-33.988zm6.663 49.975 4.531 33.987h-32.742l-6.792-33.987zm22.791 49.975h31.806l2.264 33.959h-29.542zm51.157 49.946h28.548V484.8h-26.283zm44.536 0h28.547l-2.266 33.987h-26.282v-33.987zm45.635-15.987 2.264-33.959h31.807l-4.527 33.959zm50.2-33.959h31.687L384 434.825h-29.42zm2.131-15.988 4.531-33.987h35.021l-6.799 33.987zm6.662-49.974 4.531-33.988h38.355l-6.799 33.988zM130.313 453.611l-.56-2.799h28.354l4.474 33.563c-16.093-2.338-28.976-14.33-32.268-30.764zm249.93-.003c-3.293 16.444-16.178 28.44-32.27 30.771l4.475-33.567h28.354zM498.469 46.023a7.991 7.991 0 0 0-9.455-5.309 100.168 100.168 0 0 0-15.381 5.023c-32.313 13.535-54.06 42.613-59.202 75.521a190.11 190.11 0 0 0-27.686-34.733c-5.521-23.02-19.099-43.205-38.486-57.037-20.207-14.417-44.906-20.621-69.55-17.474a95.618 95.618 0 0 0-15.856 3.37 7.994 7.994 0 0 0-5.501 9.312c5.11 24.054 18.99 45.193 39.082 59.523 16.774 11.965 36.642 18.273 56.987 18.272 4.169 0 8.358-.265 12.545-.8a97.237 97.237 0 0 0 11.354-2.123c30.786 31.246 49.085 73.945 49.085 120.134a7.994 7.994 0 1 0 15.988 0c0-17.103-2.281-33.858-6.72-49.953a98.734 98.734 0 0 0 7.227-2.711c22.908-9.589 41.192-27.311 51.483-49.9 10.231-22.455 11.682-47.711 4.086-71.115zM274.942 28.814a78.697 78.697 0 0 1 5.784-.938c31.928-4.082 62.551 11.143 79.397 36.784-14.483-9.801-30.358-17.563-47.312-23.038-4.197-1.356-8.706.949-10.063 5.15s.948 8.707 5.149 10.063c20.202 6.524 38.511 16.51 54.371 29.174-38.996 4.163-75.744-20.307-87.326-57.195zm163.505 122.711c7.547-19.255 18.55-37.141 32.325-52.375a7.995 7.995 0 0 0-11.857-10.724c-11.857 13.112-21.841 28.014-29.579 44.027 1.482-31.059 20.586-59.451 50.473-71.969a85.392 85.392 0 0 1 5.486-2.075c8.376 37.684-11.128 77.173-46.848 93.116z\" fill=\"#ae4d20\" opacity=\"1\" data-original=\"#000000\" class=\"\"><\/path><\/g><\/svg>\t\t\t\t<\/span>\n\t\t\t<\/div>\n\t\t\t\n\t\t\t\t\t\t<div class=\"elementor-icon-box-content\">\n\n\t\t\t\t\t\t\t\t\t<h3 class=\"elementor-icon-box-title\">\n\t\t\t\t\t\t<span  >\n\t\t\t\t\t\t\tQuality products \t\t\t\t\t\t<\/span>\n\t\t\t\t\t<\/h3>\n\t\t\t\t\n\t\t\t\t\t\t\t\t\t<p class=\"elementor-icon-box-description\">\n\t\t\t\t\t\tThe priority of our kitchen teams is to satisfy your sweet tooth. This is why we choose fresh, seasonal and local products for you so that you can find homemade dishes on your plate!\t\t\t\t\t<\/p>\n\t\t\t\t\n\t\t\t<\/div>\n\t\t\t\n\t\t<\/div>\n\t\t\t\t\t\t<\/div>\n\t\t\t\t<\/div>\n\t\t\t\t<\/div>\n\t\t\t\t\t<\/div>\n\t\t\t\t<\/div>\n\t\t<div class=\"elementor-element elementor-element-2e8678b e-flex e-con-boxed e-con e-parent\" data-id=\"2e8678b\" data-element_type=\"container\" data-settings=\"{&quot;jet_parallax_layout_list&quot;:[],&quot;background_background&quot;:&quot;classic&quot;}\">\n\t\t\t\t\t<div class=\"e-con-inner\">\n\t\t<div class=\"elementor-element elementor-element-be8a0ed e-con-full e-flex e-con e-child\" data-id=\"be8a0ed\" data-element_type=\"container\" data-settings=\"{&quot;jet_parallax_layout_list&quot;:[]}\">\n\t\t\t\t<div class=\"elementor-element elementor-element-b5633ab elementor-widget elementor-widget-image\" data-id=\"b5633ab\" data-element_type=\"widget\" data-widget_type=\"image.default\">\n\t\t\t\t<div class=\"elementor-widget-container\">\n\t\t\t\t\t\t\t\t\t\t\t\t\t\t\t<img decoding=\"async\" width=\"500\" height=\"600\" src=\"https:\/\/www.hotel-restaurant-pyrenees.fr\/wp-content\/uploads\/2024\/05\/1-2.jpg\" class=\"attachment-large size-large wp-image-1167\" alt=\"\" srcset=\"https:\/\/www.hotel-restaurant-pyrenees.fr\/wp-content\/uploads\/2024\/05\/1-2.jpg 500w, https:\/\/www.hotel-restaurant-pyrenees.fr\/wp-content\/uploads\/2024\/05\/1-2-250x300.jpg 250w, https:\/\/www.hotel-restaurant-pyrenees.fr\/wp-content\/uploads\/2024\/05\/1-2-10x12.jpg 10w\" sizes=\"(max-width: 500px) 100vw, 500px\" \/>\t\t\t\t\t\t\t\t\t\t\t\t\t\t\t<\/div>\n\t\t\t\t<\/div>\n\t\t\t\t<\/div>\n\t\t<div class=\"elementor-element elementor-element-2d4b5dd e-con-full e-flex e-con e-child\" data-id=\"2d4b5dd\" data-element_type=\"container\" data-settings=\"{&quot;jet_parallax_layout_list&quot;:[]}\">\n\t\t\t\t<div class=\"elementor-element elementor-element-cfb57b5 elementor-widget elementor-widget-heading\" data-id=\"cfb57b5\" data-element_type=\"widget\" data-widget_type=\"heading.default\">\n\t\t\t\t<div class=\"elementor-widget-container\">\n\t\t\t\t\t<h2 class=\"elementor-heading-title elementor-size-default\">A homemade restaurant from the Landes region<\/h2>\t\t\t\t<\/div>\n\t\t\t\t<\/div>\n\t\t\t\t<div class=\"elementor-element elementor-element-99ba857 elementor-widget elementor-widget-text-editor\" data-id=\"99ba857\" data-element_type=\"widget\" data-widget_type=\"text-editor.default\">\n\t\t\t\t<div class=\"elementor-widget-container\">\n\t\t\t\t\t\t\t\t\t<p>Discover authentic and tasty cuisine in the heart of our restaurant in Mont de Marsan. Our restaurant, located in a modern and warm setting, highlights local and seasonal products. Our talented chefs carefully select fresh ingredients to offer you a culinary experience that is both traditional and refined, worthy of Landes gastronomy.<\/p>\n<p>Whether with our daily menus or our \u00e0 la carte dishes, you can taste a variety of specialties, ranging from fish to meats to salads, all homemade!<\/p>\n<p>Indeed, our restaurant is particularly keen to offer you homemade dishes so that you can properly enjoy our fresh and local products. We invite you to come and taste the delights of the Landes region in our restaurant, an essential address for lovers of good homemade cuisine in Mont de Marsan, alone or in a group!<\/p>\t\t\t\t\t\t\t\t<\/div>\n\t\t\t\t<\/div>\n\t\t\t\t<div class=\"elementor-element elementor-element-4b29798 elementor-align-left elementor-widget__width-inherit elementor-mobile-align-center elementor-widget elementor-widget-button\" data-id=\"4b29798\" data-element_type=\"widget\" data-widget_type=\"button.default\">\n\t\t\t\t<div class=\"elementor-widget-container\">\n\t\t\t\t\t\t\t\t\t<div class=\"elementor-button-wrapper\">\n\t\t\t\t\t<a class=\"elementor-button elementor-button-link elementor-size-sm\" href=\"https:\/\/www.hotel-restaurant-pyrenees.fr\/en\/notre-carte\/\">\n\t\t\t\t\t\t<span class=\"elementor-button-content-wrapper\">\n\t\t\t\t\t\t\t\t\t<span class=\"elementor-button-text\">Our menu<\/span>\n\t\t\t\t\t<\/span>\n\t\t\t\t\t<\/a>\n\t\t\t\t<\/div>\n\t\t\t\t\t\t\t\t<\/div>\n\t\t\t\t<\/div>\n\t\t\t\t<\/div>\n\t\t\t\t\t<\/div>\n\t\t\t\t<\/div>\n\t\t<div class=\"elementor-element elementor-element-d00d975 e-flex e-con-boxed e-con e-parent\" data-id=\"d00d975\" data-element_type=\"container\" data-settings=\"{&quot;jet_parallax_layout_list&quot;:[],&quot;background_background&quot;:&quot;gradient&quot;}\">\n\t\t\t\t\t<div class=\"e-con-inner\">\n\t\t<div class=\"elementor-element elementor-element-fd1d892 e-con-full e-flex e-con e-child\" data-id=\"fd1d892\" data-element_type=\"container\" data-settings=\"{&quot;jet_parallax_layout_list&quot;:[]}\">\n\t\t\t\t<div class=\"elementor-element elementor-element-4b45ad9 elementor-widget elementor-widget-image\" data-id=\"4b45ad9\" data-element_type=\"widget\" data-widget_type=\"image.default\">\n\t\t\t\t<div class=\"elementor-widget-container\">\n\t\t\t\t\t\t\t\t\t\t\t\t\t\t\t<img decoding=\"async\" width=\"900\" height=\"650\" src=\"https:\/\/www.hotel-restaurant-pyrenees.fr\/wp-content\/uploads\/2024\/05\/33-1.jpg\" class=\"attachment-large size-large wp-image-1163\" alt=\"\" srcset=\"https:\/\/www.hotel-restaurant-pyrenees.fr\/wp-content\/uploads\/2024\/05\/33-1.jpg 900w, https:\/\/www.hotel-restaurant-pyrenees.fr\/wp-content\/uploads\/2024\/05\/33-1-300x217.jpg 300w, https:\/\/www.hotel-restaurant-pyrenees.fr\/wp-content\/uploads\/2024\/05\/33-1-768x555.jpg 768w, https:\/\/www.hotel-restaurant-pyrenees.fr\/wp-content\/uploads\/2024\/05\/33-1-18x12.jpg 18w\" sizes=\"(max-width: 900px) 100vw, 900px\" \/>\t\t\t\t\t\t\t\t\t\t\t\t\t\t\t<\/div>\n\t\t\t\t<\/div>\n\t\t\t\t<\/div>\n\t\t<div class=\"elementor-element elementor-element-9761aad e-con-full e-flex e-con e-child\" data-id=\"9761aad\" data-element_type=\"container\" data-settings=\"{&quot;jet_parallax_layout_list&quot;:[]}\">\n\t\t\t\t<div class=\"elementor-element elementor-element-44ed913 elementor-widget elementor-widget-heading\" data-id=\"44ed913\" data-element_type=\"widget\" data-widget_type=\"heading.default\">\n\t\t\t\t<div class=\"elementor-widget-container\">\n\t\t\t\t\t<h2 class=\"elementor-heading-title elementor-size-default\">A team dedicated to your service<\/h2>\t\t\t\t<\/div>\n\t\t\t\t<\/div>\n\t\t\t\t<div class=\"elementor-element elementor-element-e117006 elementor-widget elementor-widget-text-editor\" data-id=\"e117006\" data-element_type=\"widget\" data-widget_type=\"text-editor.default\">\n\t\t\t\t<div class=\"elementor-widget-container\">\n\t\t\t\t\t\t\t\t\t<p>At the Les Pyr\u00e9n\u00e9es restaurant, we make it a point of honor to offer our customers impeccable and attentive service. Our team is there to support you throughout your meal, ensuring that it takes place in the best conditions. <br \/>We know that it is important that the service is efficient, particularly at lunchtime for employees... This is why we do everything we can to ensure that you can enjoy a pleasant, stress-free break while enjoying a good home-cooked meal. .<\/p><p>In addition to our delicious homemade cuisine, our team is on hand to meet all your needs and requirements. We will be able to recommend dishes according to your tastes and desires of the day. We can also advise you on food and wine pairings so that your meal can be even tastier.<\/p>\t\t\t\t\t\t\t\t<\/div>\n\t\t\t\t<\/div>\n\t\t\t\t<\/div>\n\t\t\t\t\t<\/div>\n\t\t\t\t<\/div>\n\t\t<div class=\"elementor-element elementor-element-83aa86f e-flex e-con-boxed e-con e-parent\" data-id=\"83aa86f\" data-element_type=\"container\" data-settings=\"{&quot;jet_parallax_layout_list&quot;:[],&quot;background_background&quot;:&quot;classic&quot;}\">\n\t\t\t\t\t<div class=\"e-con-inner\">\n\t\t<div class=\"elementor-element elementor-element-47f31f2 e-con-full e-flex e-con e-child\" data-id=\"47f31f2\" data-element_type=\"container\" data-settings=\"{&quot;jet_parallax_layout_list&quot;:[]}\">\n\t\t\t\t<div class=\"elementor-element elementor-element-e43f464 elementor-widget elementor-widget-image\" data-id=\"e43f464\" data-element_type=\"widget\" data-widget_type=\"image.default\">\n\t\t\t\t<div class=\"elementor-widget-container\">\n\t\t\t\t\t\t\t\t\t\t\t\t\t\t\t<img loading=\"lazy\" decoding=\"async\" width=\"500\" height=\"600\" src=\"https:\/\/www.hotel-restaurant-pyrenees.fr\/wp-content\/uploads\/2024\/05\/5-2.jpg\" class=\"attachment-large size-large wp-image-1166\" alt=\"\" srcset=\"https:\/\/www.hotel-restaurant-pyrenees.fr\/wp-content\/uploads\/2024\/05\/5-2.jpg 500w, https:\/\/www.hotel-restaurant-pyrenees.fr\/wp-content\/uploads\/2024\/05\/5-2-250x300.jpg 250w, https:\/\/www.hotel-restaurant-pyrenees.fr\/wp-content\/uploads\/2024\/05\/5-2-10x12.jpg 10w\" sizes=\"(max-width: 500px) 100vw, 500px\" \/>\t\t\t\t\t\t\t\t\t\t\t\t\t\t\t<\/div>\n\t\t\t\t<\/div>\n\t\t\t\t<\/div>\n\t\t<div class=\"elementor-element elementor-element-18d4bf7 e-con-full e-flex e-con e-child\" data-id=\"18d4bf7\" data-element_type=\"container\" data-settings=\"{&quot;jet_parallax_layout_list&quot;:[]}\">\n\t\t\t\t<div class=\"elementor-element elementor-element-3d280b8 elementor-widget elementor-widget-heading\" data-id=\"3d280b8\" data-element_type=\"widget\" data-widget_type=\"heading.default\">\n\t\t\t\t<div class=\"elementor-widget-container\">\n\t\t\t\t\t<h2 class=\"elementor-heading-title elementor-size-default\">Group meal at Mont de Marsan<\/h2>\t\t\t\t<\/div>\n\t\t\t\t<\/div>\n\t\t\t\t<div class=\"elementor-element elementor-element-8c98dd5 elementor-widget elementor-widget-text-editor\" data-id=\"8c98dd5\" data-element_type=\"widget\" data-widget_type=\"text-editor.default\">\n\t\t\t\t<div class=\"elementor-widget-container\">\n\t\t\t\t\t\t\t\t\t<p>The Les Pyr\u00e9n\u00e9es restaurant is happy to host your group meals and receptions in the heart of Mont de Marsan. Whether for breakfast, lunch, dinner or a cocktail dinner, we offer you the opportunity to enjoy one of our private rooms. From an intimate atmosphere to a large reception, we adapt to your needs. <\/p><p>Our small room, perfect for confidential gatherings of 5 people or more, ensures a friendly and warm atmosphere. For larger events, our restaurant can accommodate up to 130 guests, with the added bonus of access to our green terrace, ideal for moments of relaxation out of sight. <br \/>On the menu, you will find our current offerings, made with fresh and local products, or you can ask the chef to create tailor-made dishes to satisfy the most demanding palates. Entrust us with the organization of your event and let us make your reception an unforgettable moment at the H\u00f4tel Les Pyr\u00e9n\u00e9es.<\/p>\t\t\t\t\t\t\t\t<\/div>\n\t\t\t\t<\/div>\n\t\t\t\t<div class=\"elementor-element elementor-element-fc27e89 elementor-align-left elementor-widget__width-inherit elementor-mobile-align-center elementor-widget elementor-widget-button\" data-id=\"fc27e89\" data-element_type=\"widget\" data-widget_type=\"button.default\">\n\t\t\t\t<div class=\"elementor-widget-container\">\n\t\t\t\t\t\t\t\t\t<div class=\"elementor-button-wrapper\">\n\t\t\t\t\t<a class=\"elementor-button elementor-button-link elementor-size-sm\" href=\"https:\/\/www.hotel-restaurant-pyrenees.fr\/en\/restaurant\/repas-de-groupe\/\">\n\t\t\t\t\t\t<span class=\"elementor-button-content-wrapper\">\n\t\t\t\t\t\t\t\t\t<span class=\"elementor-button-text\">Learn more<\/span>\n\t\t\t\t\t<\/span>\n\t\t\t\t\t<\/a>\n\t\t\t\t<\/div>\n\t\t\t\t\t\t\t\t<\/div>\n\t\t\t\t<\/div>\n\t\t\t\t<\/div>\n\t\t\t\t\t<\/div>\n\t\t\t\t<\/div>\n\t\t\t\t<\/div>","protected":false},"excerpt":{"rendered":"<p>Homemade restaurant in Mont de Marsan H\u00f4tel Les Pyr\u00e9n\u00e9es Restaurant Les Pyr\u00e9n\u00e9es Our hotel also offers a service [\u2026]<\/p>","protected":false},"author":1,"featured_media":0,"parent":0,"menu_order":0,"comment_status":"closed","ping_status":"closed","template":"","meta":{"_seopress_robots_primary_cat":"","_seopress_titles_title":"","_seopress_titles_desc":"","_seopress_robots_index":"","site-sidebar-layout":"no-sidebar","site-content-layout":"","ast-site-content-layout":"full-width-container","site-content-style":"default","site-sidebar-style":"default","ast-global-header-display":"","ast-banner-title-visibility":"","ast-main-header-display":"","ast-hfb-above-header-display":"","ast-hfb-below-header-display":"","ast-hfb-mobile-header-display":"","site-post-title":"disabled","ast-breadcrumbs-content":"","ast-featured-img":"disabled","footer-sml-layout":"","theme-transparent-header-meta":"","adv-header-id-meta":"","stick-header-meta":"","header-above-stick-meta":"","header-main-stick-meta":"","header-below-stick-meta":"","astra-migrate-meta-layouts":"default","ast-page-background-enabled":"default","ast-page-background-meta":{"desktop":{"background-color":"var(--ast-global-color-4)","background-image":"","background-repeat":"repeat","background-position":"center center","background-size":"auto","background-attachment":"scroll","background-type":"","background-media":"","overlay-type":"","overlay-color":"","overlay-gradient":""},"tablet":{"background-color":"","background-image":"","background-repeat":"repeat","background-position":"center center","background-size":"auto","background-attachment":"scroll","background-type":"","background-media":"","overlay-type":"","overlay-color":"","overlay-gradient":""},"mobile":{"background-color":"","background-image":"","background-repeat":"repeat","background-position":"center center","background-size":"auto","background-attachment":"scroll","background-type":"","background-media":"","overlay-type":"","overlay-color":"","overlay-gradient":""}},"ast-content-background-meta":{"desktop":{"background-color":"var(--ast-global-color-5)","background-image":"","background-repeat":"repeat","background-position":"center center","background-size":"auto","background-attachment":"scroll","background-type":"","background-media":"","overlay-type":"","overlay-color":"","overlay-gradient":""},"tablet":{"background-color":"var(--ast-global-color-5)","background-image":"","background-repeat":"repeat","background-position":"center center","background-size":"auto","background-attachment":"scroll","background-type":"","background-media":"","overlay-type":"","overlay-color":"","overlay-gradient":""},"mobile":{"background-color":"var(--ast-global-color-5)","background-image":"","background-repeat":"repeat","background-position":"center center","background-size":"auto","background-attachment":"scroll","background-type":"","background-media":"","overlay-type":"","overlay-color":"","overlay-gradient":""}},"footnotes":""},"class_list":["post-229","page","type-page","status-publish","hentry"],"_links":{"self":[{"href":"https:\/\/www.hotel-restaurant-pyrenees.fr\/en\/wp-json\/wp\/v2\/pages\/229","targetHints":{"allow":["GET"]}}],"collection":[{"href":"https:\/\/www.hotel-restaurant-pyrenees.fr\/en\/wp-json\/wp\/v2\/pages"}],"about":[{"href":"https:\/\/www.hotel-restaurant-pyrenees.fr\/en\/wp-json\/wp\/v2\/types\/page"}],"author":[{"embeddable":true,"href":"https:\/\/www.hotel-restaurant-pyrenees.fr\/en\/wp-json\/wp\/v2\/users\/1"}],"replies":[{"embeddable":true,"href":"https:\/\/www.hotel-restaurant-pyrenees.fr\/en\/wp-json\/wp\/v2\/comments?post=229"}],"version-history":[{"count":0,"href":"https:\/\/www.hotel-restaurant-pyrenees.fr\/en\/wp-json\/wp\/v2\/pages\/229\/revisions"}],"wp:attachment":[{"href":"https:\/\/www.hotel-restaurant-pyrenees.fr\/en\/wp-json\/wp\/v2\/media?parent=229"}],"curies":[{"name":"wp","href":"https:\/\/api.w.org\/{rel}","templated":true}]}}